{"id":73,"date":"2017-04-12T10:37:45","date_gmt":"2017-04-12T08:37:45","guid":{"rendered":"http:\/\/novembremusicaldesvoirons.com\/?page_id=73"},"modified":"2024-11-14T10:23:06","modified_gmt":"2024-11-14T09:23:06","slug":"editions-precedentes","status":"publish","type":"page","link":"https:\/\/novembremusicaldesvoirons.com\/index.php\/editions-precedentes\/","title":{"rendered":"Editions pr\u00e9c\u00e9dentes : programme, photos &#038; vid\u00e9os"},"content":{"rendered":"<p><em>Cliquer sur les liens en bleu pour ouvrir nos archives des ann\u00e9es pr\u00e9c\u00e9dentes.<\/em><\/p>\n\n\n<div class=\"wp-block-media-text alignwide has-media-on-the-right is-stacked-on-mobile\" style=\"grid-template-columns:auto 40%\"><figure class=\"wp-block-media-text__media\"><img loading=\"lazy\" decoding=\"async\" width=\"1024\" height=\"678\" src=\"https:\/\/novembremusicaldesvoirons.com\/wp-content\/uploads\/2021\/12\/DSC_9139-1024x678.jpg\" alt=\"\" class=\"wp-image-3548 size-full\" srcset=\"https:\/\/novembremusicaldesvoirons.com\/wp-content\/uploads\/2021\/12\/DSC_9139-1024x678.jpg 1024w, https:\/\/novembremusicaldesvoirons.com\/wp-content\/uploads\/2021\/12\/DSC_9139-300x199.jpg 300w, https:\/\/novembremusicaldesvoirons.com\/wp-content\/uploads\/2021\/12\/DSC_9139-768x509.jpg 768w\" sizes=\"auto, (max-width: 1024px) 100vw, 1024px\" \/><\/figure><div class=\"wp-block-media-text__content\">\n<p><\/p>\n\n\n\n<p><strong><a href=\"https:\/\/novembremusicaldesvoirons.com\/index.php\/edition-2024\/\" target=\"_blank\" rel=\"noreferrer noopener\">Edition 2024<\/a><\/strong><\/p>\n\n\n\n<p><strong><a rel=\"noreferrer noopener\" href=\"https:\/\/novembremusicaldesvoirons.com\/index.php\/edition-2023\/\" target=\"_blank\">Edition 2023<\/a><\/strong><\/p>\n\n\n\n<p><a rel=\"noreferrer noopener\" href=\"https:\/\/novembremusicaldesvoirons.com\/index.php\/festival-2022\/\" target=\"_blank\"><strong>Edition 2022<\/strong><\/a><\/p>\n\n\n\n<p><a rel=\"noreferrer noopener\" href=\"https:\/\/novembremusicaldesvoirons.com\/index.php\/edition-2021\/\" target=\"_blank\"><strong>Edition 2021<\/strong><\/a><\/p>\n\n\n\n<p><a rel=\"noreferrer noopener\" href=\"https:\/\/novembremusicaldesvoirons.com\/index.php\/edition-2020\/\" target=\"_blank\"><strong>Edition 2020<\/strong><\/a><\/p>\n\n\n\n<p><a rel=\"noreferrer noopener\" href=\"https:\/\/novembremusicaldesvoirons.com\/index.php\/edition-2019-2\/\" target=\"_blank\"><strong>Edition 2019<\/strong><\/a><\/p>\n\n\n\n<p><a rel=\"noreferrer noopener\" href=\"https:\/\/novembremusicaldesvoirons.com\/index.php\/programme-detaille-du-festival-2018\/\" target=\"_blank\"><strong>Edition 2018<\/strong><\/a><\/p>\n\n\n\n<p><a rel=\"noreferrer noopener\" href=\"https:\/\/novembremusicaldesvoirons.com\/index.php\/programme-2017\/\" target=\"_blank\"><strong>Edition 2017<\/strong><\/a><\/p>\n\n\n\n<p><a rel=\"noreferrer noopener\" href=\"https:\/\/novembremusicaldesvoirons.com\/index.php\/2016-2\/\" target=\"_blank\"><strong>Edition 2016<\/strong><\/a><\/p>\n\n\n\n<p><a rel=\"noreferrer noopener\" href=\"https:\/\/novembremusicaldesvoirons.com\/index.php\/2015-2\/\" target=\"_blank\"><strong>Edition 2015<\/strong><\/a><\/p>\n\n\n\n<p><a rel=\"noreferrer noopener\" href=\"https:\/\/novembremusicaldesvoirons.com\/index.php\/2014-2\/\" target=\"_blank\"><strong>Edition 2014<\/strong><\/a><\/p>\n\n\n\n<p><a rel=\"noreferrer noopener\" href=\"https:\/\/novembremusicaldesvoirons.com\/index.php\/2013-2\/\" target=\"_blank\"><strong>Edition 2013<\/strong><\/a><\/p>\n\n\n\n<p><a rel=\"noreferrer noopener\" href=\"https:\/\/novembremusicaldesvoirons.com\/index.php\/2012-2\/\" target=\"_blank\"><strong>Edition 2012<\/strong><\/a><\/p>\n<\/div><\/div>\n","protected":false},"excerpt":{"rendered":"<p>Cliquer sur les liens en bleu pour ouvrir nos archives des ann\u00e9es pr\u00e9c\u00e9dentes. Edition 2024 Edition 2023 Edition 2022 Edition 2021 Edition 2020 Edition 2019 Edition 2018 Edition 2017 Edition 2016 Edition 2015 Edition 2014 Edition 2013 Edition 2012<\/p>\n","protected":false},"author":3,"featured_media":0,"parent":0,"menu_order":0,"comment_status":"closed","ping_status":"closed","template":"","meta":{"footnotes":""},"class_list":["post-73","page","type-page","status-publish","hentry"],"_links":{"self":[{"href":"https:\/\/novembremusicaldesvoirons.com\/index.php\/wp-json\/wp\/v2\/pages\/73","targetHints":{"allow":["GET"]}}],"collection":[{"href":"https:\/\/novembremusicaldesvoirons.com\/index.php\/wp-json\/wp\/v2\/pages"}],"about":[{"href":"https:\/\/novembremusicaldesvoirons.com\/index.php\/wp-json\/wp\/v2\/types\/page"}],"author":[{"embeddable":true,"href":"https:\/\/novembremusicaldesvoirons.com\/index.php\/wp-json\/wp\/v2\/users\/3"}],"replies":[{"embeddable":true,"href":"https:\/\/novembremusicaldesvoirons.com\/index.php\/wp-json\/wp\/v2\/comments?post=73"}],"version-history":[{"count":45,"href":"https:\/\/novembremusicaldesvoirons.com\/index.php\/wp-json\/wp\/v2\/pages\/73\/revisions"}],"predecessor-version":[{"id":5003,"href":"https:\/\/novembremusicaldesvoirons.com\/index.php\/wp-json\/wp\/v2\/pages\/73\/revisions\/5003"}],"wp:attachment":[{"href":"https:\/\/novembremusicaldesvoirons.com\/index.php\/wp-json\/wp\/v2\/media?parent=73"}],"curies":[{"name":"wp","href":"https:\/\/api.w.org\/{rel}","templated":true}]}}