{"id":691,"date":"2017-09-17T10:27:08","date_gmt":"2017-09-17T08:27:08","guid":{"rendered":"http:\/\/novembremusicaldesvoirons.com\/?page_id=691"},"modified":"2017-09-25T11:00:03","modified_gmt":"2017-09-25T09:00:03","slug":"691-2","status":"publish","type":"page","link":"https:\/\/novembremusicaldesvoirons.com\/index.php\/691-2\/","title":{"rendered":"Martina MORELLO"},"content":{"rendered":"<p><img loading=\"lazy\" decoding=\"async\" class=\" wp-image-633 alignleft\" src=\"https:\/\/novembremusicaldesvoirons.com\/wp-content\/uploads\/2017\/09\/Ph-MartinaMorello-200x300.jpg\" alt=\"\" width=\"233\" height=\"350\" \/><\/p>\n<p>&nbsp;<\/p>\n<h2>Martina Morello<\/h2>\n<p>&nbsp;<\/p>\n<p>N\u00e9e en 1992, Martina Morello commence la clarinette d\u00e8s son enfance. D\u00e8s 2013, elle \u00e9tudie \u00e0 la Haute Ecole de Musique de Lausanne (HEMU), dans la classe de Fr\u00e9d\u00e9ric Rapin, obtient tout d\u2019abord un master en interpr\u00e9tation musicale, puis entame un master en p\u00e9dagogie musicale. D\u00e8s l\u2019automne 2017, elle poursuivra ses \u00e9tudes \u00e0 la Manhattan School of Music, \u00e0 New York.<\/p>\n<p>Tr\u00e8s int\u00e9ress\u00e9e par la musique de chambre, elle se produit dans diff\u00e9rentes formations : en 2010, elle remporte par exemple le 1er prix au Ars Nova International Chamber Music Competition, en Italie. Sa passion pour les cultures et genres musicaux diff\u00e9rents l\u2019am\u00e8ne par ailleurs \u00e0 participer en duo de clarinettes, en 2014, \u00e0 un projet sur la musique traditionnelle turque.<\/p>\n<p>Parall\u00e8lement \u00e0 sa participation \u00e0 de nombreux festivals de renomm\u00e9e internationale \u2013, Martina Morello joue avec plusieurs orchestres, tels que l\u2019Orchestre de chambre de Lausanne, l\u2019Orchestre de Cannes ou encore le Ernst &amp; Young Orchestre de Rome. Elle est \u00e9galement clarinette solo dans <em>La Belle de Cadix <\/em>lors de la tourn\u00e9e de l\u2019Op\u00e9ra de Lausanne, dans le cadre de la Route lyrique 2016. Depuis 2015, elle joue r\u00e9guli\u00e8rement avec l\u2019Orchestre du Sinfonietta de Lausanne.<\/p>\n","protected":false},"excerpt":{"rendered":"<p>&nbsp; Martina Morello &nbsp; N\u00e9e en 1992, Martina Morello commence la clarinette d\u00e8s son enfance. D\u00e8s 2013, elle \u00e9tudie \u00e0 la Haute Ecole de Musique de Lausanne (HEMU), dans la classe de Fr\u00e9d\u00e9ric Rapin, obtient tout d\u2019abord un master en<\/p>\n","protected":false},"author":3,"featured_media":0,"parent":0,"menu_order":0,"comment_status":"closed","ping_status":"closed","template":"","meta":{"footnotes":""},"class_list":["post-691","page","type-page","status-publish","hentry"],"_links":{"self":[{"href":"https:\/\/novembremusicaldesvoirons.com\/index.php\/wp-json\/wp\/v2\/pages\/691","targetHints":{"allow":["GET"]}}],"collection":[{"href":"https:\/\/novembremusicaldesvoirons.com\/index.php\/wp-json\/wp\/v2\/pages"}],"about":[{"href":"https:\/\/novembremusicaldesvoirons.com\/index.php\/wp-json\/wp\/v2\/types\/page"}],"author":[{"embeddable":true,"href":"https:\/\/novembremusicaldesvoirons.com\/index.php\/wp-json\/wp\/v2\/users\/3"}],"replies":[{"embeddable":true,"href":"https:\/\/novembremusicaldesvoirons.com\/index.php\/wp-json\/wp\/v2\/comments?post=691"}],"version-history":[{"count":4,"href":"https:\/\/novembremusicaldesvoirons.com\/index.php\/wp-json\/wp\/v2\/pages\/691\/revisions"}],"predecessor-version":[{"id":747,"href":"https:\/\/novembremusicaldesvoirons.com\/index.php\/wp-json\/wp\/v2\/pages\/691\/revisions\/747"}],"wp:attachment":[{"href":"https:\/\/novembremusicaldesvoirons.com\/index.php\/wp-json\/wp\/v2\/media?parent=691"}],"curies":[{"name":"wp","href":"https:\/\/api.w.org\/{rel}","templated":true}]}}