{"id":5590,"date":"2025-11-08T16:42:32","date_gmt":"2025-11-08T15:42:32","guid":{"rendered":"https:\/\/novembremusicaldesvoirons.com\/?page_id=5590"},"modified":"2026-03-11T09:21:56","modified_gmt":"2026-03-11T08:21:56","slug":"ou-trouver-les-salles-de-concerts","status":"publish","type":"page","link":"https:\/\/novembremusicaldesvoirons.com\/index.php\/ou-trouver-les-salles-de-concerts\/","title":{"rendered":"O\u00f9 trouver les salles de concerts"},"content":{"rendered":"\n<p class=\"has-medium-font-size\">Adresses des salles de concert du festival, \u00e9dition Novembre 2025 :<\/p>\n\n\n\n<ul class=\"wp-block-list has-medium-font-size\">\n<li class=\"has-medium-font-size\"><strong><a href=\"https:\/\/79jpu.r.a.d.sendibm1.com\/mk\/cl\/f\/OKlG0E-sOea7MM7epc7SZ2BNvBaQ7Ch2E9ZK9CUy0wdQKd7dYup_dTFL7kQcgEE0vZxD8mVnxPhwtkdPKflUV15eR8tpXu-QUr3ssKZiZk-UnVxXw9B9MyyfKhLcaCYP7PShUBpLaWX2Zy-TH7ftnPdBqCs8VZsH5LzpOX60iK07HoYF5ipuUFwIBltFu0VahT1xtJnU2wAfycn8POaGIchS7jvr8SepTmGq5JWumxPL6x6itNqmQbH3LXz402jB0ZhZ1YFDcz1_ikYPDop9aoQ5imFhrKyYoSiaZl1icPnqVOKMm-yAbBWiUZMlasuuOM2Qe5NUDaOMByT3fd-N36Z7r8Mcv22tpnKuMrgxPTKLEN4lbzSFRIUeTGOCb0wHXZNZ7ZIIvfAuo5gwqvdr0z6L8HWUbhiZ-TY_4XUoW-tBiHgdmDXqk9ewB9Guc5fSfLIC6nKzxahMMVkn6WzLHFsDyEE6KvjoCRG346OqPS7-NBWyXal_gcwdwd886W1ggzDlnqvdVKQ_ljtDqzTomYwBIOk4anyDt_F42hj6hBtrGi45cY0y98d8CXsXC6E\" target=\"_blank\" rel=\"noreferrer noopener\">Bonne<\/a> <\/strong>: salle communale, attenante \u00e0 la mairie de Bonne<br>479, Vi de Chenaz 74380 Bonne (46.1709, 6.3250)<br><br><\/li>\n\n\n\n<li><strong><a href=\"https:\/\/www.google.fr\/maps\/place\/%C3%89glise+Saint-Jean-Baptiste\/@46.1864578,6.2912413,64m\/data=!3m1!1e3!4m6!3m5!1s0x478c720b0814b475:0x391165b385f64c95!8m2!3d46.186528!4d6.2913424!16s%2Fg%2F11r_pkzcw!5m1!1e1?entry=ttu&amp;g_ep=EgoyMDI1MTEwNC4xIKXMDSoASAFQAw%3D%3D\" target=\"_blank\" rel=\"noreferrer noopener\">Cranves-Sales<\/a><\/strong>&nbsp;: Eglise, route des Fontaines, centre bourg (46.1864, 6.2913)<br><br><\/li>\n\n\n\n<li><a href=\"https:\/\/79jpu.r.a.d.sendibm1.com\/mk\/cl\/f\/8K3FmPsa5lQ2pmlGhyn_5GaBtJb5i5w9OGNZSH6cWoOtoD0c9ObsG7tiuNNFzX_iW1O84y9aZUFARhZ8iTLiR0W5cPsK1R6Pkny8YP51XObn-la9JQiqIcD9Fpakl__A4MJYyd4uqEvqAFm9WsewdXI0lFrXnHvn7dde2-PPVQck783rWR0YRTD9f86npsfIazFYIqoKc9Eh4MW-2jscHfVDB4gw5QpjaEoSwyaIaQTq0yvhirVyBt1gLuEyPAQHu4vWNSXxzXpWNvMwFAG0uPQc_jCW_aAA_N8P_7ngq_NIwlCsA94DPL8u8qMk2Hv3H77xFss8TotXDpURzepjra5jy0Ks82V3g92fldxQc5dxOm1KedoNglsTL51_AWTMQHI2R5osj33azmoAbY_PmYFX6a3eZfNAlkqRcOK5IjPASQ3yykPW48IMAc7ScyLHVihy-WAfms89jgw16mdS-9fXtrJGml-Y6EZ9aIh9RS2ThzdOQvtR35lwDoxIyA8B2kjnOV0w6Vp223tDx7WQiqsPR4GysBGfxKg\" target=\"_blank\" rel=\"noreferrer noopener\"><strong>Lucinges<\/strong><\/a>&nbsp;: salle communale \u00ab&nbsp;La Grange&nbsp;\u00bb, 8 place de la Vignule, centre bourg (46.1914, 6.3178)<br><br><\/li>\n\n\n\n<li><strong><a href=\"https:\/\/www.google.fr\/maps\/place\/Salle+communale+%22Le+balcon%22\/@46.2352257,6.3216753,143m\/data=!3m1!1e3!4m6!3m5!1s0x478c6d68aff261fd:0x44221371b418bf5!8m2!3d46.2352058!4d6.3219246!16s%2Fg%2F11sxwztb51!5m1!1e1?entry=ttu&amp;g_ep=EgoyMDI1MTEwNC4xIKXMDSoASAFQAw%3D%3D\" target=\"_blank\" rel=\"noreferrer noopener\">Saint-Cergues<\/a><\/strong>&nbsp;: salle communale \u00ab&nbsp;Le Balcon&nbsp;\u00bb, rue des \u00e9coles (46.2353, 6.3219)<br><br><\/li>\n\n\n\n<li><a href=\"https:\/\/79jpu.r.a.d.sendibm1.com\/mk\/cl\/f\/FJWQk4yDvsXwRRWZi_webQ9b177HqOO_YbmPsB9WNc9OMlHpB1qVwd-KK1gRSPZ3IPVkV8D2_oy1YSbjC4WdN0JkOx0RKCxX7A1yto4CxOUHuv28_4fAbTAQ6Q4dC85a9mM4YfY6ux-8euD6-oxUtWUIE1iraPrPVK5e3iVP5z5x_qmDMtAwfehQFdMWgNWpodhjAY8x5ojc5x0HiySI-vCPRXPG5WDxF2PTO9Ls__qFrBDBOgVkPS5pwVVcqp9zu9K4MVRuse09_JkLlXdfxarFlVYv7ocWYCIALSyCzrIw0Cer_EjqHIpxcDo-q2-HfVlBHqMNVdI2fsxe828G9mKz349t5fs7wcE6vSft14SijZeVXZxRr8ex6WDtxAGmWJqwZWeG-FVxr7i2rfq_QDPTK3lymNAlUE0rxhEaFH1Zi_EHSHdPRegJ3wKygc86z50YyYyMtzvxT1Z2ZVEdg0OSOJLVd-cRPiypkNhSjxwm8g4borLnFyEdc4EazrbYi0Qis8-CDNlO-Hrqy0M8x01py87R3GgVoD7xmTFzZ0GHOpquPZ70xwPxlL1Cv77_dXEWYPAE71R0AXmcmGRWXqlftQeq5L9c4D4XVBOtgvRGbmfNxzAKoQPKQP-Pgl5c0S0aii5tX9M1S61TB4DwwXmOVmTkxADXe48JqsVD52FmJf0EgZ1PuGWTpZ1Q9n4jUm_r6SAOvW8N09puIeCh3JQS8s1cCAf7-u8H0sKPejGsw2-fT62d9VcgaflS5Q\" target=\"_blank\" rel=\"noreferrer noopener\"><strong>Machilly<\/strong><\/a>&nbsp;: salle des f\u00eates, 397, route des Voirons (46.2527, 6.3318)<br><em>Remarque&nbsp;: salle r\u00e9cemment ouverte, en 2025<\/em><\/li>\n<\/ul>\n\n\n\n<p class=\"has-medium-font-size\"><em>Note :<\/em><\/p>\n\n\n\n<p class=\"has-medium-font-size\"><em>Si vous cliquez sur le nom de la commune ci-dessus en bleu, vous serez imm\u00e9diatement projet\u00e9(e) en l&rsquo;air \u00e0 20 ou 30 m. au dessus des salles o\u00f9 se d\u00e9roulent nos concerts ! (avec Google Maps)<\/em><br><br><em>Vous pouvez aussi <strong>visualiser votre itin\u00e9raire<\/strong> et les zones ou <strong>places de stationnement<\/strong> publiques disponibles.<\/em><\/p>\n\n\n\n<p><\/p>\n","protected":false},"excerpt":{"rendered":"<p>Adresses des salles de concert du festival, \u00e9dition Novembre 2025 : Note : Si vous cliquez sur le nom de la commune ci-dessus en bleu, vous serez imm\u00e9diatement projet\u00e9(e) en l&rsquo;air \u00e0 20 ou 30 m. au dessus des salles<\/p>\n","protected":false},"author":3,"featured_media":0,"parent":0,"menu_order":0,"comment_status":"closed","ping_status":"closed","template":"","meta":{"footnotes":""},"class_list":["post-5590","page","type-page","status-publish","hentry"],"_links":{"self":[{"href":"https:\/\/novembremusicaldesvoirons.com\/index.php\/wp-json\/wp\/v2\/pages\/5590","targetHints":{"allow":["GET"]}}],"collection":[{"href":"https:\/\/novembremusicaldesvoirons.com\/index.php\/wp-json\/wp\/v2\/pages"}],"about":[{"href":"https:\/\/novembremusicaldesvoirons.com\/index.php\/wp-json\/wp\/v2\/types\/page"}],"author":[{"embeddable":true,"href":"https:\/\/novembremusicaldesvoirons.com\/index.php\/wp-json\/wp\/v2\/users\/3"}],"replies":[{"embeddable":true,"href":"https:\/\/novembremusicaldesvoirons.com\/index.php\/wp-json\/wp\/v2\/comments?post=5590"}],"version-history":[{"count":16,"href":"https:\/\/novembremusicaldesvoirons.com\/index.php\/wp-json\/wp\/v2\/pages\/5590\/revisions"}],"predecessor-version":[{"id":5953,"href":"https:\/\/novembremusicaldesvoirons.com\/index.php\/wp-json\/wp\/v2\/pages\/5590\/revisions\/5953"}],"wp:attachment":[{"href":"https:\/\/novembremusicaldesvoirons.com\/index.php\/wp-json\/wp\/v2\/media?parent=5590"}],"curies":[{"name":"wp","href":"https:\/\/api.w.org\/{rel}","templated":true}]}}