{"id":4599,"date":"2024-04-29T12:21:21","date_gmt":"2024-04-29T10:21:21","guid":{"rendered":"https:\/\/novembremusicaldesvoirons.com\/?page_id=4599"},"modified":"2026-02-05T10:32:22","modified_gmt":"2026-02-05T09:32:22","slug":"adherer-a-novembre-musical-des-voirons","status":"publish","type":"page","link":"https:\/\/novembremusicaldesvoirons.com\/index.php\/adherer-a-novembre-musical-des-voirons\/","title":{"rendered":"Adh\u00e9rer \u00e0 Novembre Musical des Voirons"},"content":{"rendered":"\n<p><strong>Vous pouvez manifester votre int\u00e9r\u00eat pour l\u2019association NMV en devenant adh\u00e9rent.<\/strong><\/p>\n\n\n\n<p>La cotisation annuelle pour devenir membre est de <strong>10 \u20ac.<\/strong><\/p>\n\n\n\n<p>Ce montant est discut\u00e9 lors de l\u2019assembl\u00e9e g\u00e9n\u00e9rale qui se d\u00e9roule habituellement courant mars, il n\u2019a pas chang\u00e9 depuis 2012.<\/p>\n\n\n\n<p>L\u2019adh\u00e9sion permet&nbsp;de&nbsp;:<\/p>\n\n\n\n<ul class=\"wp-block-list\">\n<li><strong>Voter <\/strong>lors de l\u2019assembl\u00e9e g\u00e9n\u00e9rale<\/li>\n\n\n\n<li>Devenir <strong>b\u00e9n\u00e9vole<\/strong> du festival<\/li>\n<\/ul>\n\n\n\n<p>L&rsquo;<strong>\u00e9quipe de b\u00e9n\u00e9voles<\/strong>, indispensable au fonctionnement du festival, participe essentiellement \u00e0 la communication (distribution des flyers et des affiches) et \u00e0 la logistique des concerts : pr\u00e9paration des salles, accueil du public, pr\u00e9paration des repas des artistes, transport des musiciens, etc\u2026<\/p>\n\n\n\n<p>A noter que les b\u00e9n\u00e9voles doivent \u00eatre membres de l\u2019association et \u00e0 jour de leur cotisation afin que, en cas d\u2019accident, ils soient couverts par l\u2019assurance de l&rsquo;association Novembre Musical des Voirons.<\/p>\n\n\n\n<p>L\u2019adh\u00e9sion peut se faire&nbsp;:<\/p>\n\n\n\n<ul class=\"wp-block-list\">\n<li>En ligne au moyen du <strong><a href=\"https:\/\/www.helloasso.com\/associations\/novembre-musical-des-voirons\/adhesions\/adhesion-annuelle-2025\" target=\"_blank\" rel=\"noreferrer noopener\">formulaire HelloAsso en lien<\/a><\/strong>, ou en flashant le QR-code ci-contre, ou avec la commande Adh\u00e9rer ci-dessous<\/li>\n\n\n\n<li><strong>En esp\u00e8ce<\/strong> aupr\u00e8s d\u2019un membre du comit\u00e9<\/li>\n\n\n\n<li><strong>En ch\u00e8que<\/strong> \u00e0 l\u2019ordre du Novembre Musical des Voirons<\/li>\n\n\n\n<li>En ligne <strong>par virement bancaire<\/strong> avec l\u2019IBAN de l\u2019association (<a href=\"https:\/\/novembremusicaldesvoirons.com\/index.php\/contact-2\/\" target=\"_blank\" rel=\"noreferrer noopener\"><strong>nous contacter<\/strong><\/a>)<\/li>\n<\/ul>\n\n\n\n<div class=\"wp-block-group is-content-justification-center is-nowrap is-layout-flex wp-container-core-group-is-layout-23441af8 wp-block-group-is-layout-flex\">\n<div class=\"wp-block-media-text has-media-on-the-right is-stacked-on-mobile\" style=\"grid-template-columns:auto 16%\"><div class=\"wp-block-media-text__content\"><p><iframe id=\"haWidget\" allowtransparency=\"true\" src=\"https:\/\/www.helloasso.com\/associations\/novembre-musical-des-voirons\/adhesions\/adhesion-annuelle-2026\/widget-bouton\" style=\"width: 100%; height: 70px; border: none;\" onload=\"window.addEventListener( 'message', function(e) { const dataHeight = e.data.height; const haWidgetElement = document.getElementById('haWidget'); haWidgetElement.height = dataHeight + 'px'; } )\" ><\/iframe><\/p>\n<\/div><figure class=\"wp-block-media-text__media\"><img loading=\"lazy\" decoding=\"async\" width=\"600\" height=\"600\" src=\"https:\/\/novembremusicaldesvoirons.com\/wp-content\/uploads\/2026\/01\/Adhesions-N.M.V.-2026.png\" alt=\"\" class=\"wp-image-5934 size-full\" srcset=\"https:\/\/novembremusicaldesvoirons.com\/wp-content\/uploads\/2026\/01\/Adhesions-N.M.V.-2026.png 600w, https:\/\/novembremusicaldesvoirons.com\/wp-content\/uploads\/2026\/01\/Adhesions-N.M.V.-2026-300x300.png 300w, https:\/\/novembremusicaldesvoirons.com\/wp-content\/uploads\/2026\/01\/Adhesions-N.M.V.-2026-150x150.png 150w, https:\/\/novembremusicaldesvoirons.com\/wp-content\/uploads\/2026\/01\/Adhesions-N.M.V.-2026-270x270.png 270w, https:\/\/novembremusicaldesvoirons.com\/wp-content\/uploads\/2026\/01\/Adhesions-N.M.V.-2026-230x230.png 230w\" sizes=\"auto, (max-width: 600px) 100vw, 600px\" \/><\/figure><\/div>\n<\/div>\n\n\n\n<p class=\"has-black-color has-text-color\"><em>Note de N.M.V. : <br>La <strong>commission de HelloAsso <\/strong>sur le r\u00e8glement des adh\u00e9sions ou des dons <em>n&rsquo;est pas obligatoire, elle est seulement <strong>propos\u00e9e<\/strong><\/em>. Elle <strong>appara\u00eet par d\u00e9faut<\/strong> \u00e0 l&rsquo;\u00e9tape R\u00e9capitulatif de la transaction. Cette option est <strong>facultative <\/strong>et modulable (bouton Modifier). HelloAsso s&rsquo;en explique tr\u00e8s clairement <strong><a href=\"https:\/\/centredaide.helloasso.com\/s\/article\/les-services-proposes-par-helloasso-sont-ils-gratuits\" target=\"_blank\" rel=\"noreferrer noopener\">sur cette page en lien<\/a><\/strong>.<\/em><\/p>\n\n\n\n<p><\/p>\n","protected":false},"excerpt":{"rendered":"<p>Vous pouvez manifester votre int\u00e9r\u00eat pour l\u2019association NMV en devenant adh\u00e9rent. La cotisation annuelle pour devenir membre est de 10 \u20ac. Ce montant est discut\u00e9 lors de l\u2019assembl\u00e9e g\u00e9n\u00e9rale qui se d\u00e9roule habituellement courant mars, il n\u2019a pas chang\u00e9 depuis<\/p>\n","protected":false},"author":3,"featured_media":0,"parent":0,"menu_order":0,"comment_status":"closed","ping_status":"closed","template":"","meta":{"footnotes":""},"class_list":["post-4599","page","type-page","status-publish","hentry"],"_links":{"self":[{"href":"https:\/\/novembremusicaldesvoirons.com\/index.php\/wp-json\/wp\/v2\/pages\/4599","targetHints":{"allow":["GET"]}}],"collection":[{"href":"https:\/\/novembremusicaldesvoirons.com\/index.php\/wp-json\/wp\/v2\/pages"}],"about":[{"href":"https:\/\/novembremusicaldesvoirons.com\/index.php\/wp-json\/wp\/v2\/types\/page"}],"author":[{"embeddable":true,"href":"https:\/\/novembremusicaldesvoirons.com\/index.php\/wp-json\/wp\/v2\/users\/3"}],"replies":[{"embeddable":true,"href":"https:\/\/novembremusicaldesvoirons.com\/index.php\/wp-json\/wp\/v2\/comments?post=4599"}],"version-history":[{"count":120,"href":"https:\/\/novembremusicaldesvoirons.com\/index.php\/wp-json\/wp\/v2\/pages\/4599\/revisions"}],"predecessor-version":[{"id":5947,"href":"https:\/\/novembremusicaldesvoirons.com\/index.php\/wp-json\/wp\/v2\/pages\/4599\/revisions\/5947"}],"wp:attachment":[{"href":"https:\/\/novembremusicaldesvoirons.com\/index.php\/wp-json\/wp\/v2\/media?parent=4599"}],"curies":[{"name":"wp","href":"https:\/\/api.w.org\/{rel}","templated":true}]}}