{"id":4315,"date":"2023-11-21T13:05:39","date_gmt":"2023-11-21T12:05:39","guid":{"rendered":"https:\/\/novembremusicaldesvoirons.com\/?page_id=4315"},"modified":"2025-12-27T17:40:54","modified_gmt":"2025-12-27T16:40:54","slug":"nos-newsletters","status":"publish","type":"page","link":"https:\/\/novembremusicaldesvoirons.com\/index.php\/nos-newsletters\/","title":{"rendered":"Nos newsletters"},"content":{"rendered":"\n<p><em>Pour recevoir les newsletters de Novembre Musical des Voirons, il vous suffit de nous transmettre votre adresse email \u00e0 <a href=\"mailto:contact@novembremusicaldesvoirons.com\"><strong>contact@novembremusicaldesvoirons.com<\/strong><\/a> ou a l&rsquo;aide du <a href=\"https:\/\/novembremusicaldesvoirons.com\/index.php\/contact-2\/\" target=\"_blank\" rel=\"noreferrer noopener\">formulaire de contact<\/a>.<\/em><\/p>\n\n\n\n<div class=\"wp-block-media-text alignwide has-media-on-the-right is-stacked-on-mobile\" style=\"grid-template-columns:auto 21%\"><div class=\"wp-block-media-text__content\">\n<p>Les info lettres envoy\u00e9es pr\u00e9c\u00e9demment aux contacts N.M.V. sont consultables en lien ci-dessous :<\/p>\n\n\n\n<ul class=\"wp-block-list\">\n<li><a href=\"https:\/\/79jpu.r.a.d.sendibm1.com\/mk\/mr\/sh\/6rqJ8GoudeITQRgqaijriRJBcyS\/R1VklAOziIzo\" target=\"_blank\" rel=\"noreferrer noopener\">Newsletter D\u00e9cembre 2025<\/a><\/li>\n\n\n\n<li><a href=\"https:\/\/79jpu.r.a.d.sendibm1.com\/mk\/mr\/sh\/6rqJ8GoudeITQRgqaijriRJBcyS\/__Sly56V4OVo\" target=\"_blank\" rel=\"noreferrer noopener\">Newsletter Programmes de salle 2025<\/a><\/li>\n\n\n\n<li><a href=\"https:\/\/79jpu.r.a.d.sendibm1.com\/mk\/mr\/sh\/6rqJ8GoudeITQRgqaijriRJBcyS\/0gF1WiwPNPNf\" target=\"_blank\" rel=\"noreferrer noopener\">Newsletter Octobre 2025<\/a><\/li>\n\n\n\n<li><a href=\"https:\/\/79jpu.r.a.d.sendibm1.com\/mk\/mr\/sh\/6rqJ8GoudeITQRgqaijriRJBcyS\/5a8boDSX83Jd\" target=\"_blank\" rel=\"noreferrer noopener\">Newsletter D\u00e9cembre 2024<\/a><\/li>\n\n\n\n<li><a href=\"https:\/\/79jpu.r.a.d.sendibm1.com\/mk\/mr\/sh\/6rqJ8GoudeITQRgqaijriRJBcyS\/vHxiS5r64HXY\" target=\"_blank\" rel=\"noreferrer noopener\">Newsletter octobre 2024<\/a><\/li>\n\n\n\n<li><a href=\"https:\/\/novembremusicaldesvoirons.com\/wp-content\/uploads\/2024\/02\/Newsletter-fevrier-2024.pdf\" target=\"_blank\" rel=\"noreferrer noopener\">Newsletter f\u00e9vrier 2024<\/a><\/li>\n\n\n\n<li><a href=\"https:\/\/novembremusicaldesvoirons.com\/wp-content\/uploads\/2024\/02\/Newsletter-Novembre-Musical-des-Voirons-decembre-2023.pdf\" target=\"_blank\" rel=\"noreferrer noopener\">Newsletter d\u00e9cembre 2023<\/a><\/li>\n\n\n\n<li><a href=\"https:\/\/novembremusicaldesvoirons.com\/wp-content\/uploads\/2023\/11\/Newsletter-octobre-2023.pdf\" target=\"_blank\" rel=\"noreferrer noopener\">Newsletter n\u00b0 6, octobre 2023<\/a><\/li>\n\n\n\n<li><a href=\"https:\/\/novembremusicaldesvoirons.com\/wp-content\/uploads\/2023\/11\/Newsletter-n\u00b0-5-Mars-2023-Erratum.pdf\" target=\"_blank\" rel=\"noreferrer noopener\">Newsletter n\u00b0 5, mars 2023<\/a><\/li>\n\n\n\n<li><a href=\"https:\/\/novembremusicaldesvoirons.com\/wp-content\/uploads\/2023\/11\/Infolettre-n\u00b0-4-Janvier-2023.pdf\" target=\"_blank\" rel=\"noreferrer noopener\">Newsletter  n\u00b0 4, janvier 2023<\/a><\/li>\n\n\n\n<li><a href=\"https:\/\/novembremusicaldesvoirons.com\/wp-content\/uploads\/2023\/11\/Infolettre-n\u00b0-3-Oct.-2022.pdf\" target=\"_blank\" rel=\"noreferrer noopener\">Newsletter n\u00b0 3, octobre 2022<\/a><\/li>\n\n\n\n<li><a href=\"https:\/\/novembremusicaldesvoirons.com\/wp-content\/uploads\/2023\/11\/Infolettre-n\u00b0-2-Sept.-2022.pdf\" data-type=\"URL\" target=\"_blank\" rel=\"noreferrer noopener\">Newsletter n\u00b0 2, septembre 2022<\/a><\/li>\n\n\n\n<li><a href=\"https:\/\/novembremusicaldesvoirons.com\/wp-content\/uploads\/2023\/11\/Newsletter-n\u00b0-1-avril-2022.pdf\" target=\"_blank\" rel=\"noreferrer noopener\">Newsletter n\u00b0 1, avril 2022<\/a><\/li>\n<\/ul>\n<\/div><figure class=\"wp-block-media-text__media\"><img loading=\"lazy\" decoding=\"async\" width=\"426\" height=\"640\" src=\"https:\/\/novembremusicaldesvoirons.com\/wp-content\/uploads\/2023\/11\/74692512_2477684162459993_8187034228337147904_n-1.jpg\" alt=\"\" class=\"wp-image-4405 size-full\" srcset=\"https:\/\/novembremusicaldesvoirons.com\/wp-content\/uploads\/2023\/11\/74692512_2477684162459993_8187034228337147904_n-1.jpg 426w, https:\/\/novembremusicaldesvoirons.com\/wp-content\/uploads\/2023\/11\/74692512_2477684162459993_8187034228337147904_n-1-200x300.jpg 200w\" sizes=\"auto, (max-width: 426px) 100vw, 426px\" \/><\/figure><\/div>\n\n\n\n<p><\/p>\n","protected":false},"excerpt":{"rendered":"<p>Pour recevoir les newsletters de Novembre Musical des Voirons, il vous suffit de nous transmettre votre adresse email \u00e0 contact@novembremusicaldesvoirons.com ou a l&rsquo;aide du formulaire de contact.<\/p>\n","protected":false},"author":3,"featured_media":0,"parent":0,"menu_order":0,"comment_status":"closed","ping_status":"closed","template":"","meta":{"footnotes":""},"class_list":["post-4315","page","type-page","status-publish","hentry"],"_links":{"self":[{"href":"https:\/\/novembremusicaldesvoirons.com\/index.php\/wp-json\/wp\/v2\/pages\/4315","targetHints":{"allow":["GET"]}}],"collection":[{"href":"https:\/\/novembremusicaldesvoirons.com\/index.php\/wp-json\/wp\/v2\/pages"}],"about":[{"href":"https:\/\/novembremusicaldesvoirons.com\/index.php\/wp-json\/wp\/v2\/types\/page"}],"author":[{"embeddable":true,"href":"https:\/\/novembremusicaldesvoirons.com\/index.php\/wp-json\/wp\/v2\/users\/3"}],"replies":[{"embeddable":true,"href":"https:\/\/novembremusicaldesvoirons.com\/index.php\/wp-json\/wp\/v2\/comments?post=4315"}],"version-history":[{"count":44,"href":"https:\/\/novembremusicaldesvoirons.com\/index.php\/wp-json\/wp\/v2\/pages\/4315\/revisions"}],"predecessor-version":[{"id":5916,"href":"https:\/\/novembremusicaldesvoirons.com\/index.php\/wp-json\/wp\/v2\/pages\/4315\/revisions\/5916"}],"wp:attachment":[{"href":"https:\/\/novembremusicaldesvoirons.com\/index.php\/wp-json\/wp\/v2\/media?parent=4315"}],"curies":[{"name":"wp","href":"https:\/\/api.w.org\/{rel}","templated":true}]}}