{"id":424,"date":"2017-07-05T16:44:06","date_gmt":"2017-07-05T14:44:06","guid":{"rendered":"http:\/\/novembremusicaldesvoirons.com\/?page_id=424"},"modified":"2017-09-25T10:58:11","modified_gmt":"2017-09-25T08:58:11","slug":"les-chanteurs-doiseaux","status":"publish","type":"page","link":"https:\/\/novembremusicaldesvoirons.com\/index.php\/les-chanteurs-doiseaux\/","title":{"rendered":"Les CHANTEURS d&rsquo;OISEAUX"},"content":{"rendered":"<p><img loading=\"lazy\" decoding=\"async\" class=\" wp-image-382 alignleft\" src=\"https:\/\/novembremusicaldesvoirons.com\/wp-content\/uploads\/2017\/07\/Photo-JeanJoelJoPierreMSL-300x300.jpg\" alt=\"\" width=\"347\" height=\"347\" \/><\/p>\n<h2>Compagnie Les Chanteurs d\u2019Oiseaux &#8211; Syrinx<\/h2>\n<p><strong>Jean Boucault<\/strong> et <strong>Johnny Rasse<\/strong>, chanteurs d&rsquo;oiseaux<br \/>\n<strong>Pierre Hamon<\/strong> et <strong>Dimitri Psonis<\/strong>, fl\u00fbtes et percussions<br \/>\n<strong>Taghi Akhbari<\/strong>, chant persan<\/p>\n<p><strong>Instruments<\/strong> : vases siffleurs, fl\u00fbtes diverses de l\u2019Am\u00e9rique pr\u00e9colombienne, fl\u00fbtes traditionnelles am\u00e9rindiennes, fl\u00fbte pr\u00e9historique en os de Vautour (copie de la fl\u00fbte pr\u00e9historique d\u2019Isturitz), Ney Iranien, Santur, percussions, fl\u00fbtes de Pan en plumes de Condor\u2026<\/p>\n<p>Jean Boucault et Johnny Rasse sont deux amoureux de la nature, passionn\u00e9s par les oiseaux et leur po\u00e9sie. Imiter leur chants est tr\u00e8s vite devenu un r\u00e9flexe, un jeu, une passion.\u00a0Ils ont ensuite cherch\u00e9 \u00e0 rendre leur don plus musical pour en faire un art et devenir de v\u00e9ritables chanteurs d&rsquo;oiseaux.<\/p>\n<p>&nbsp;<\/p>\n<p>&nbsp;<\/p>\n<p>Aussi loin que l\u2019on puisse remonter dans la connaissance des premi\u00e8res civilisations de l\u2019humanit\u00e9, le son a toujours \u00e9t\u00e9 une porte d\u2019entr\u00e9e dans les autres mondes et les oiseaux, des guides et des ma\u00eetres de l\u2019univers sonore.<\/p>\n<p>Le programme est un voyage autour de ce th\u00e8me des ma\u00eetres chanteurs : les oiseaux, qui sont peut-\u00eatre \u00e0 l\u2019origine de la musique humaine et du chant. Sous le signe tut\u00e9laire de l\u2019oiseau, c\u2019est une rencontre Orient \/ Occident. Nous l\u2019avons intitul\u00e9 \u00ab Syrinx \u00bb, car ce mot d\u00e9signe \u00e0 la fois l\u2019organe sonore des oiseaux et aussi la fl\u00fbte de pan qui est la fl\u00fbte embl\u00e9matique de l\u2019Am\u00e9rique andine. Il porte en lui \u00e9galement le parfum de l\u2019Antiquit\u00e9.<\/p>\n<p><strong>Les Chanteurs d\u2019Oiseaux<\/strong><\/p>\n<p>Jean Boucault et Johnny Rasse sont reconnus comme les plus grands imitateurs de chants d\u2019oiseaux sans appeaux. Leur technique d\u2019imitation fait \u00e9cho \u00e0 des techniques primitives de chant et n\u2019utilise que des techniques de souffle-voix, diphonie, voix aspir\u00e9e, chant trill\u00e9, sifflement haute fr\u00e9quence, sifflement en bourdon et chant percussif. Ils offrent un r\u00e9pertoire de milliers de sonorit\u00e9s d\u2019oiseaux des cinq continents.<\/p>\n<p>En 2016, le directeur du Festival des For\u00eats \u00e0 Compi\u00e8gne leur propose un concert avec le pianiste-compositeur-improvisateur Jean-Fran\u00e7ois Zygel.<br \/>\nCe sera le d\u00e9but d\u2019un long p\u00e9riple musical qui, au gr\u00e9 des concerts, leur permettra de c\u00f4toyer une multitude de musiciens venus du classique, du jazz et des musiques traditionnelles.<\/p>\n<p>Leur talent les a amen\u00e9s a\u0300 participer a\u0300 diverses e\u0301missions radiophoniques et te\u0301le\u0301visuelles, notamment aux Victoires de la Musique Classique, a\u0300 la ce\u0301re\u0301monie des Molie\u0300res, a\u0300 La Nuit de la Voix ou encore a\u0300 la Folle Journe\u0301e de Nantes en 2016. Ils se produisent de\u0301sormais partout en France mais e\u0301galement au Japon, en Russie et en Pologne pour des concerts dans la langue universelle des oiseaux.<\/p>\n<p>Depuis, ils ont cr\u00e9\u00e9 le collectif \u00ab Les Chanteurs d\u2019Oiseaux \u00bb avec pour finalit\u00e9 d\u2019utiliser le chant d\u2019oiseau, mat\u00e9riau brut et originel, pour le m\u00e9langer et mieux le transcender \u00e0 toute forme d\u2019art vivant : musique, th\u00e9\u00e2tre, danse, arts de rue.<\/p>\n<p><a href=\"https:\/\/www.chanteurs-oiseaux.com\/\"><br \/>\nhttps:\/\/www.chanteurs-oiseaux.com\/<\/a><\/p>\n","protected":false},"excerpt":{"rendered":"<p>Compagnie Les Chanteurs d\u2019Oiseaux &#8211; Syrinx Jean Boucault et Johnny Rasse, chanteurs d&rsquo;oiseaux Pierre Hamon et Dimitri Psonis, fl\u00fbtes et percussions Taghi Akhbari, chant persan Instruments : vases siffleurs, fl\u00fbtes diverses de l\u2019Am\u00e9rique pr\u00e9colombienne, fl\u00fbtes traditionnelles am\u00e9rindiennes, fl\u00fbte pr\u00e9historique en<\/p>\n","protected":false},"author":3,"featured_media":0,"parent":0,"menu_order":0,"comment_status":"closed","ping_status":"closed","template":"","meta":{"footnotes":""},"class_list":["post-424","page","type-page","status-publish","hentry"],"_links":{"self":[{"href":"https:\/\/novembremusicaldesvoirons.com\/index.php\/wp-json\/wp\/v2\/pages\/424","targetHints":{"allow":["GET"]}}],"collection":[{"href":"https:\/\/novembremusicaldesvoirons.com\/index.php\/wp-json\/wp\/v2\/pages"}],"about":[{"href":"https:\/\/novembremusicaldesvoirons.com\/index.php\/wp-json\/wp\/v2\/types\/page"}],"author":[{"embeddable":true,"href":"https:\/\/novembremusicaldesvoirons.com\/index.php\/wp-json\/wp\/v2\/users\/3"}],"replies":[{"embeddable":true,"href":"https:\/\/novembremusicaldesvoirons.com\/index.php\/wp-json\/wp\/v2\/comments?post=424"}],"version-history":[{"count":8,"href":"https:\/\/novembremusicaldesvoirons.com\/index.php\/wp-json\/wp\/v2\/pages\/424\/revisions"}],"predecessor-version":[{"id":745,"href":"https:\/\/novembremusicaldesvoirons.com\/index.php\/wp-json\/wp\/v2\/pages\/424\/revisions\/745"}],"wp:attachment":[{"href":"https:\/\/novembremusicaldesvoirons.com\/index.php\/wp-json\/wp\/v2\/media?parent=424"}],"curies":[{"name":"wp","href":"https:\/\/api.w.org\/{rel}","templated":true}]}}