{"id":420,"date":"2017-07-05T16:42:58","date_gmt":"2017-07-05T14:42:58","guid":{"rendered":"http:\/\/novembremusicaldesvoirons.com\/?page_id=420"},"modified":"2017-10-29T10:57:38","modified_gmt":"2017-10-29T09:57:38","slug":"quatuor-yendo","status":"publish","type":"page","link":"https:\/\/novembremusicaldesvoirons.com\/index.php\/quatuor-yendo\/","title":{"rendered":"Quatuor YENDO"},"content":{"rendered":"<p><img loading=\"lazy\" decoding=\"async\" class=\"wp-image-630 alignleft\" src=\"https:\/\/novembremusicaldesvoirons.com\/wp-content\/uploads\/2017\/09\/Yendo-9461-1-300x200.jpg\" alt=\"\" width=\"345\" height=\"230\" \/><\/p>\n<div id=\"WRchTxt1-1gi\" class=\"txtNew\" data-reactid=\".0.$SITE_ROOT.$desktop_siteRoot.$PAGES_CONTAINER.$centeredContent.$inlineContent.$SITE_PAGES.$cjg9_DESKTOP.$inlineContent.$WRchTxt1-1gi\">\n<h2>Quatuor Yendo<\/h2>\n<p>&nbsp;<\/p>\n<p>Antonio Garc\u00eda Jorge, saxophone soprano<br \/>\nAntonin Pommel, saxophone t\u00e9nor<br \/>\nNicolas Arsenijevic, saxophone alto<br \/>\nMartin Trillaud, saxophone baryton<\/p>\n<p>&nbsp;<\/p>\n<p class=\"font_8\">R\u00e9guli\u00e8rement invit\u00e9 \u00e0 se produire sur les ondes de France Musique, le Quatuor Yendo s\u2019est rapidement impos\u00e9 comme un groupe poss\u00e9dant une identit\u00e9 forte. De la rencontre de ces quatre saxophonistes, r\u00e9unis par une id\u00e9ologie musicale commune nonobstant leurs origines europ\u00e9ennes multiples, n\u00e9 un projet d\u2019adaptation pour leur formation des Danzas Espa\u00f1olas pour piano d\u2019Enrique Granados.En parall\u00e8le, le Quatuor passe commande au compositeur Argentin Luis Na\u00f3n d\u2019une suite de danses pouvant c\u00f4toyer celles de Granados.<br \/>\nCo-commande de Radio France, la cr\u00e9ation des Tangos Utopicos a lieu en octobre 2015 sur les ondes de France Musique dans l\u2019\u00e9mission Alla Br\u00e8ve, anim\u00e9e par Anne Montaron. Ce projet est pour la premi\u00e8re fois pr\u00e9sent\u00e9 dans son int\u00e9gralit\u00e9 lors d\u2019un r\u00e9cital pour l&rsquo;association Jeunes Talents \u00e0 l\u2019Hotel de Soubise \u00e0 Paris en f\u00e9vrier 2016 et se finalise par un passage en studio en d\u00e9cembre\u00a0de la m\u00eame ann\u00e9e.<\/p>\n<p class=\"font_8\"><span class=\"wixGuard\">\u200b<\/span>Apr\u00e8s s\u2019\u00eatre produit plusieurs fois \u00e0 la Cit\u00e9 Internationale Universitaire de Paris, Yendo part interpr\u00e9ter le concerto de Philippe Geiss \u00abUnited Colors of Saxophone\u00bb dans l\u2019auditorium Joseph Kosma du CNRR de Nice avec l\u2019Orchestre d\u2019Harmonie de la Ville de Nice. Il remporte en juillet 2015 le 2\u00e8me prix du Concours International de quatuors de Strasbourg SaxOpen et donne par la suite des r\u00e9citals notamment aux festivals du Vigan, de Moissac, de la Baule et d&rsquo;Aulnay, ainsi qu\u2019en Alsace au Domaine Gross. Leur passage dans l\u2019emission de Ga\u00eblle Le Gallic sur France Musique en septembre 2015 leurs permet de concr\u00e9tiser leur collaboration avec le jazzman virtuose du saxophone Baptiste H\u00e9rbin, pour la r\u00e9alisation d\u2019un crossover hors normes m\u00ealant musique romantique et improvisation.<br \/>\nActuellement en Master de musique de chambre au Conservatoire National Sup\u00e9rieur de Musique et de Danse de Paris (CNSMDP), le quatuor Yendo se perfectionne aupr\u00e8s de David Walter.<\/p>\n<\/div>\n<p><strong>Antonio Garc\u00eda Jorge<\/strong>, saxophone soprano\u00a0\u00a0\u00a0\u00a0\u00a0\u00a0\u00a0\u00a0\u00a0\u00a0\u00a0\u00a0\u00a0\u00a0\u00a0\u00a0\u00a0\u00a0\u00a0\u00a0\u00a0\u00a0 <strong>Nicolas Arsenijevic,<\/strong> saxophone alto<br \/>\n<strong>Antonin Pommel<\/strong>, saxophone t\u00e9nor\u00a0\u00a0\u00a0\u00a0\u00a0\u00a0\u00a0\u00a0\u00a0\u00a0\u00a0\u00a0\u00a0\u00a0\u00a0\u00a0\u00a0\u00a0\u00a0\u00a0\u00a0\u00a0\u00a0\u00a0\u00a0\u00a0\u00a0\u00a0\u00a0\u00a0\u00a0\u00a0\u00a0\u00a0\u00a0\u00a0\u00a0 <strong>Martin Trillaud,<\/strong> saxophone baryton<\/p>\n<p><a href=\"https:\/\/www.yendoquartet.com\/quatuor-yendo\">https:\/\/www.yendoquartet.com\/quatuor-yendo<\/a><\/p>\n","protected":false},"excerpt":{"rendered":"<p>Quatuor Yendo &nbsp; Antonio Garc\u00eda Jorge, saxophone soprano Antonin Pommel, saxophone t\u00e9nor Nicolas Arsenijevic, saxophone alto Martin Trillaud, saxophone baryton &nbsp; R\u00e9guli\u00e8rement invit\u00e9 \u00e0 se produire sur les ondes de France Musique, le Quatuor Yendo s\u2019est rapidement impos\u00e9 comme un<\/p>\n","protected":false},"author":3,"featured_media":0,"parent":0,"menu_order":0,"comment_status":"closed","ping_status":"closed","template":"","meta":{"footnotes":""},"class_list":["post-420","page","type-page","status-publish","hentry"],"_links":{"self":[{"href":"https:\/\/novembremusicaldesvoirons.com\/index.php\/wp-json\/wp\/v2\/pages\/420","targetHints":{"allow":["GET"]}}],"collection":[{"href":"https:\/\/novembremusicaldesvoirons.com\/index.php\/wp-json\/wp\/v2\/pages"}],"about":[{"href":"https:\/\/novembremusicaldesvoirons.com\/index.php\/wp-json\/wp\/v2\/types\/page"}],"author":[{"embeddable":true,"href":"https:\/\/novembremusicaldesvoirons.com\/index.php\/wp-json\/wp\/v2\/users\/3"}],"replies":[{"embeddable":true,"href":"https:\/\/novembremusicaldesvoirons.com\/index.php\/wp-json\/wp\/v2\/comments?post=420"}],"version-history":[{"count":13,"href":"https:\/\/novembremusicaldesvoirons.com\/index.php\/wp-json\/wp\/v2\/pages\/420\/revisions"}],"predecessor-version":[{"id":4049,"href":"https:\/\/novembremusicaldesvoirons.com\/index.php\/wp-json\/wp\/v2\/pages\/420\/revisions\/4049"}],"wp:attachment":[{"href":"https:\/\/novembremusicaldesvoirons.com\/index.php\/wp-json\/wp\/v2\/media?parent=420"}],"curies":[{"name":"wp","href":"https:\/\/api.w.org\/{rel}","templated":true}]}}