{"id":3977,"date":"2023-09-10T20:32:19","date_gmt":"2023-09-10T18:32:19","guid":{"rendered":"https:\/\/novembremusicaldesvoirons.com\/?page_id=3977"},"modified":"2024-06-12T10:22:02","modified_gmt":"2024-06-12T08:22:02","slug":"brouillon-nelle-page-ed-2018-en-images","status":"publish","type":"page","link":"https:\/\/novembremusicaldesvoirons.com\/index.php\/brouillon-nelle-page-ed-2018-en-images\/","title":{"rendered":"Edition 2018 en vid\u00e9o"},"content":{"rendered":"\n<p>Francois SALQUE, violoncelle, Pierre PERCHAUD, guitare, Yoann SERRA, batterie<\/p>\n\n\n\n<figure class=\"wp-block-video\"><video height=\"720\" style=\"aspect-ratio: 1280 \/ 720;\" width=\"1280\" controls src=\"https:\/\/novembremusicaldesvoirons.com\/wp-content\/uploads\/2019\/01\/jazz-\u00e0-bonne.mp4\"><\/video><\/figure>\n\n\n\n<p>Antoine MORINI\u00c8RE, guitare<\/p>\n\n\n\n<figure class=\"wp-block-video\"><video height=\"480\" style=\"aspect-ratio: 640 \/ 480;\" width=\"640\" controls src=\"https:\/\/novembremusicaldesvoirons.com\/wp-content\/uploads\/2019\/01\/moriniere-2.mp4\"><\/video><\/figure>\n\n\n\n<p>Pierre FOUCHENNERET, violon; Lea HENNINO, alto; Francois SALQUE, violoncelle<\/p>\n\n\n\n<figure class=\"wp-block-video\"><video height=\"480\" style=\"aspect-ratio: 640 \/ 480;\" width=\"640\" controls src=\"https:\/\/novembremusicaldesvoirons.com\/wp-content\/uploads\/2019\/01\/variations-goldberg.mp4\"><\/video><\/figure>\n\n\n\n<p>Triple concert de piano : Jean-Paul GASPARIAN, Jean-Fr\u00e9d\u00e9ric NEUBURGER, Jean-Francois HEISSER<\/p>\n\n\n\n<figure class=\"wp-block-video\"><video height=\"480\" style=\"aspect-ratio: 640 \/ 480;\" width=\"640\" controls src=\"https:\/\/novembremusicaldesvoirons.com\/wp-content\/uploads\/2019\/01\/pianos.mp4\"><\/video><\/figure>\n\n\n\n<p>Olivier BAUMONT, clavecin; St\u00e9phanie-Marie DEGAND, violon; Astushi SAKAI, viole de gambe<\/p>\n\n\n\n<figure class=\"wp-block-video\"><video height=\"480\" style=\"aspect-ratio: 640 \/ 480;\" width=\"640\" controls src=\"https:\/\/novembremusicaldesvoirons.com\/wp-content\/uploads\/2019\/01\/baroque.mp4\"><\/video><\/figure>\n\n\n\n<p>Les ANCHES HANT\u00c9ES<\/p>\n\n\n\n<figure class=\"wp-block-video\"><video height=\"480\" style=\"aspect-ratio: 640 \/ 480;\" width=\"640\" controls src=\"https:\/\/novembremusicaldesvoirons.com\/wp-content\/uploads\/2019\/01\/anches-hant\u00e9es.mp4\"><\/video><\/figure>\n\n\n\n<p>AUTOUR DE BACH : H\u00e9l\u00e8ne WALTER, soprano; David WALTER, hautbois; V\u00e9r\u00e8ne WESPHAL, violoncelle; Johan TRECHEL, orgue et clavecin<\/p>\n\n\n\n<figure class=\"wp-block-video\"><video height=\"480\" style=\"aspect-ratio: 640 \/ 480;\" width=\"640\" controls src=\"https:\/\/novembremusicaldesvoirons.com\/wp-content\/uploads\/2019\/01\/autour-de-bach.mp4\"><\/video><\/figure>\n\n\n\n<p>L&rsquo;art de la fugue et le sextuor \u00e0 cordes n\u00b0 2 de BRAHMS, et musiques pour cordes : BACH, VASKS, SOLLIMA<br>Les jeunes solistes du conservatoire de Paris et de la Haute Ecole de Lausanne<\/p>\n\n\n\n<figure class=\"wp-block-video\"><video height=\"480\" style=\"aspect-ratio: 640 \/ 480;\" width=\"640\" controls src=\"https:\/\/novembremusicaldesvoirons.com\/wp-content\/uploads\/2019\/02\/JM4.mp4\"><\/video><\/figure>\n","protected":false},"excerpt":{"rendered":"<p>Francois SALQUE, violoncelle, Pierre PERCHAUD, guitare, Yoann SERRA, batterie Antoine MORINI\u00c8RE, guitare Pierre FOUCHENNERET, violon; Lea HENNINO, alto; Francois SALQUE, violoncelle Triple concert de piano : Jean-Paul GASPARIAN, Jean-Fr\u00e9d\u00e9ric NEUBURGER, Jean-Francois HEISSER Olivier BAUMONT, clavecin; St\u00e9phanie-Marie DEGAND, violon; Astushi SAKAI,<\/p>\n","protected":false},"author":3,"featured_media":0,"parent":0,"menu_order":0,"comment_status":"closed","ping_status":"closed","template":"","meta":{"footnotes":""},"class_list":["post-3977","page","type-page","status-publish","hentry"],"_links":{"self":[{"href":"https:\/\/novembremusicaldesvoirons.com\/index.php\/wp-json\/wp\/v2\/pages\/3977","targetHints":{"allow":["GET"]}}],"collection":[{"href":"https:\/\/novembremusicaldesvoirons.com\/index.php\/wp-json\/wp\/v2\/pages"}],"about":[{"href":"https:\/\/novembremusicaldesvoirons.com\/index.php\/wp-json\/wp\/v2\/types\/page"}],"author":[{"embeddable":true,"href":"https:\/\/novembremusicaldesvoirons.com\/index.php\/wp-json\/wp\/v2\/users\/3"}],"replies":[{"embeddable":true,"href":"https:\/\/novembremusicaldesvoirons.com\/index.php\/wp-json\/wp\/v2\/comments?post=3977"}],"version-history":[{"count":13,"href":"https:\/\/novembremusicaldesvoirons.com\/index.php\/wp-json\/wp\/v2\/pages\/3977\/revisions"}],"predecessor-version":[{"id":4825,"href":"https:\/\/novembremusicaldesvoirons.com\/index.php\/wp-json\/wp\/v2\/pages\/3977\/revisions\/4825"}],"wp:attachment":[{"href":"https:\/\/novembremusicaldesvoirons.com\/index.php\/wp-json\/wp\/v2\/media?parent=3977"}],"curies":[{"name":"wp","href":"https:\/\/api.w.org\/{rel}","templated":true}]}}