{"id":3700,"date":"2023-08-25T10:47:17","date_gmt":"2023-08-25T08:47:17","guid":{"rendered":"https:\/\/novembremusicaldesvoirons.com\/?page_id=3700"},"modified":"2024-11-30T18:39:09","modified_gmt":"2024-11-30T17:39:09","slug":"edition-2024","status":"publish","type":"page","link":"https:\/\/novembremusicaldesvoirons.com\/index.php\/edition-2024\/","title":{"rendered":"Edition 2024"},"content":{"rendered":"\n<p class=\"has-black-color has-text-color has-medium-font-size\"><strong>Lien vers page : <a rel=\"noreferrer noopener\" href=\"https:\/\/novembremusicaldesvoirons.com\/index.php\/edition-2024-photos-et-videos\/\" target=\"_blank\">photos &amp; vid\u00e9os \u00e9dition 2024<\/a><\/strong><\/p>\n\n\n\n<div style=\"height:40px\" aria-hidden=\"true\" class=\"wp-block-spacer\"><\/div>\n\n\n\n<p class=\"has-text-align-left has-medium-font-size\"><em>Th\u00e8me de l&rsquo;\u00e9dition 2024 :<\/em> <strong><em>La musique donne de la voix !<\/em><\/strong><\/p>\n\n\n\n<h1 class=\"has-text-align-center wp-block-heading\"><strong>Programme du festival<\/strong><\/h1>\n\n\n\n<h2 class=\"wp-block-heading\" style=\"font-size:25px\"><strong>Du vendredi 1er au dimanche 3 novembre 2024<\/strong>,<br>avec une rencontre le jeudi 7 novembre :<\/h2>\n\n\n\n<figure class=\"wp-block-image size-large\"><img loading=\"lazy\" decoding=\"async\" width=\"1024\" height=\"846\" src=\"https:\/\/novembremusicaldesvoirons.com\/wp-content\/uploads\/2024\/10\/2-1024x846.jpg\" alt=\"\" class=\"wp-image-4886\" srcset=\"https:\/\/novembremusicaldesvoirons.com\/wp-content\/uploads\/2024\/10\/2-1024x846.jpg 1024w, https:\/\/novembremusicaldesvoirons.com\/wp-content\/uploads\/2024\/10\/2-300x248.jpg 300w, https:\/\/novembremusicaldesvoirons.com\/wp-content\/uploads\/2024\/10\/2-768x634.jpg 768w, https:\/\/novembremusicaldesvoirons.com\/wp-content\/uploads\/2024\/10\/2.jpg 1236w\" sizes=\"auto, (max-width: 1024px) 100vw, 1024px\" \/><\/figure>\n\n\n\n<figure class=\"wp-block-image size-large is-resized\"><img loading=\"lazy\" decoding=\"async\" src=\"https:\/\/novembremusicaldesvoirons.com\/wp-content\/uploads\/2024\/10\/3-1024x883.jpg\" alt=\"\" class=\"wp-image-4887\" width=\"940\" height=\"810\" srcset=\"https:\/\/novembremusicaldesvoirons.com\/wp-content\/uploads\/2024\/10\/3-1024x883.jpg 1024w, https:\/\/novembremusicaldesvoirons.com\/wp-content\/uploads\/2024\/10\/3-300x259.jpg 300w, https:\/\/novembremusicaldesvoirons.com\/wp-content\/uploads\/2024\/10\/3-768x662.jpg 768w, https:\/\/novembremusicaldesvoirons.com\/wp-content\/uploads\/2024\/10\/3.jpg 1220w\" sizes=\"auto, (max-width: 940px) 100vw, 940px\" \/><\/figure>\n\n\n\n<h2 class=\"wp-block-heading\" style=\"font-size:25px\"><strong>Du vendredi 8 au lundi 11 novembre 2024<\/strong> :<\/h2>\n\n\n\n<figure class=\"wp-block-image size-large is-resized\"><img loading=\"lazy\" decoding=\"async\" src=\"https:\/\/novembremusicaldesvoirons.com\/wp-content\/uploads\/2024\/10\/4-1024x932.jpg\" alt=\"\" class=\"wp-image-4888\" width=\"840\" height=\"764\" srcset=\"https:\/\/novembremusicaldesvoirons.com\/wp-content\/uploads\/2024\/10\/4-1024x932.jpg 1024w, https:\/\/novembremusicaldesvoirons.com\/wp-content\/uploads\/2024\/10\/4-300x273.jpg 300w, https:\/\/novembremusicaldesvoirons.com\/wp-content\/uploads\/2024\/10\/4-768x699.jpg 768w, https:\/\/novembremusicaldesvoirons.com\/wp-content\/uploads\/2024\/10\/4.jpg 1218w\" sizes=\"auto, (max-width: 840px) 100vw, 840px\" \/><\/figure>\n\n\n\n<figure class=\"wp-block-image size-large\"><img loading=\"lazy\" decoding=\"async\" width=\"1024\" height=\"883\" src=\"https:\/\/novembremusicaldesvoirons.com\/wp-content\/uploads\/2024\/10\/5-1024x883.jpg\" alt=\"\" class=\"wp-image-4889\" srcset=\"https:\/\/novembremusicaldesvoirons.com\/wp-content\/uploads\/2024\/10\/5-1024x883.jpg 1024w, https:\/\/novembremusicaldesvoirons.com\/wp-content\/uploads\/2024\/10\/5-300x259.jpg 300w, https:\/\/novembremusicaldesvoirons.com\/wp-content\/uploads\/2024\/10\/5-768x662.jpg 768w, https:\/\/novembremusicaldesvoirons.com\/wp-content\/uploads\/2024\/10\/5.jpg 1216w\" sizes=\"auto, (max-width: 1024px) 100vw, 1024px\" \/><\/figure>\n","protected":false},"excerpt":{"rendered":"<p>Lien vers page : photos &amp; vid\u00e9os \u00e9dition 2024 Th\u00e8me de l&rsquo;\u00e9dition 2024 : La musique donne de la voix ! Programme du festival Du vendredi 1er au dimanche 3 novembre 2024,avec une rencontre le jeudi 7 novembre : Du<\/p>\n","protected":false},"author":3,"featured_media":0,"parent":0,"menu_order":0,"comment_status":"closed","ping_status":"closed","template":"","meta":{"footnotes":""},"class_list":["post-3700","page","type-page","status-publish","hentry"],"_links":{"self":[{"href":"https:\/\/novembremusicaldesvoirons.com\/index.php\/wp-json\/wp\/v2\/pages\/3700","targetHints":{"allow":["GET"]}}],"collection":[{"href":"https:\/\/novembremusicaldesvoirons.com\/index.php\/wp-json\/wp\/v2\/pages"}],"about":[{"href":"https:\/\/novembremusicaldesvoirons.com\/index.php\/wp-json\/wp\/v2\/types\/page"}],"author":[{"embeddable":true,"href":"https:\/\/novembremusicaldesvoirons.com\/index.php\/wp-json\/wp\/v2\/users\/3"}],"replies":[{"embeddable":true,"href":"https:\/\/novembremusicaldesvoirons.com\/index.php\/wp-json\/wp\/v2\/comments?post=3700"}],"version-history":[{"count":150,"href":"https:\/\/novembremusicaldesvoirons.com\/index.php\/wp-json\/wp\/v2\/pages\/3700\/revisions"}],"predecessor-version":[{"id":5081,"href":"https:\/\/novembremusicaldesvoirons.com\/index.php\/wp-json\/wp\/v2\/pages\/3700\/revisions\/5081"}],"wp:attachment":[{"href":"https:\/\/novembremusicaldesvoirons.com\/index.php\/wp-json\/wp\/v2\/media?parent=3700"}],"curies":[{"name":"wp","href":"https:\/\/api.w.org\/{rel}","templated":true}]}}