{"id":3644,"date":"2022-11-10T17:45:39","date_gmt":"2022-11-10T16:45:39","guid":{"rendered":"https:\/\/novembremusicaldesvoirons.com\/?page_id=3644"},"modified":"2024-06-12T11:04:48","modified_gmt":"2024-06-12T09:04:48","slug":"edition-2019-2","status":"publish","type":"page","link":"https:\/\/novembremusicaldesvoirons.com\/index.php\/edition-2019-2\/","title":{"rendered":"Edition 2019"},"content":{"rendered":"\n<p><strong>8\u00e8me \u00e9dition &#8211; 8 \/ 9 \/ 10 &amp; 15 \/ 16 \/ 17 novembre 2019<\/strong><br>Th\u00e8me de l&rsquo;\u00e9dition 2019 : <strong>Un concert &#8211; Un compositeur<\/strong><\/p>\n\n\n\n<p class=\"has-medium-font-size\"><strong>Lien vers page : <a rel=\"noopener\" href=\"https:\/\/novembremusicaldesvoirons.com\/index.php\/festival-2019-en-images\/\" target=\"_blank\"><strong>photos &amp; vid\u00e9os<\/strong> \u00e9dition 2019<\/a><\/strong><\/p>\n\n\n\n<p>PROGRAMME 2019<\/p>\n\n\n\n<figure class=\"wp-block-image aligncenter\"><img loading=\"lazy\" decoding=\"async\" width=\"1024\" height=\"817\" src=\"https:\/\/novembremusicaldesvoirons.com\/wp-content\/uploads\/2019\/08\/cadre-de-symboles-de-musique-3602364-1024x817.jpg\" alt=\"\" class=\"wp-image-2744\"\/><\/figure>\n\n\n\n<figure class=\"wp-block-image aligncenter size-full is-resized\"><img loading=\"lazy\" decoding=\"async\" src=\"https:\/\/novembremusicaldesvoirons.com\/wp-content\/uploads\/2019\/10\/prog3.jpg\" alt=\"\" class=\"wp-image-2818\" width=\"841\" height=\"1166\" srcset=\"https:\/\/novembremusicaldesvoirons.com\/wp-content\/uploads\/2019\/10\/prog3.jpg 638w, https:\/\/novembremusicaldesvoirons.com\/wp-content\/uploads\/2019\/10\/prog3-217x300.jpg 217w\" sizes=\"auto, (max-width: 841px) 100vw, 841px\" \/><\/figure>\n\n\n\n<figure class=\"wp-block-image aligncenter size-full is-resized\"><img loading=\"lazy\" decoding=\"async\" src=\"https:\/\/novembremusicaldesvoirons.com\/wp-content\/uploads\/2019\/08\/progflayer2-2019.jpg\" alt=\"\" class=\"wp-image-2768\" width=\"840\" height=\"1204\" srcset=\"https:\/\/novembremusicaldesvoirons.com\/wp-content\/uploads\/2019\/08\/progflayer2-2019.jpg 636w, https:\/\/novembremusicaldesvoirons.com\/wp-content\/uploads\/2019\/08\/progflayer2-2019-209x300.jpg 209w\" sizes=\"auto, (max-width: 840px) 100vw, 840px\" \/><\/figure>\n\n\n\n<figure class=\"wp-block-image aligncenter size-full is-resized\"><img loading=\"lazy\" decoding=\"async\" src=\"https:\/\/novembremusicaldesvoirons.com\/wp-content\/uploads\/2019\/08\/progflayer3-2019.jpg\" alt=\"\" class=\"wp-image-2770\" width=\"840\" height=\"1191\" srcset=\"https:\/\/novembremusicaldesvoirons.com\/wp-content\/uploads\/2019\/08\/progflayer3-2019.jpg 642w, https:\/\/novembremusicaldesvoirons.com\/wp-content\/uploads\/2019\/08\/progflayer3-2019-212x300.jpg 212w\" sizes=\"auto, (max-width: 840px) 100vw, 840px\" \/><\/figure>\n\n\n\n<figure class=\"wp-block-image aligncenter size-full is-resized\"><img loading=\"lazy\" decoding=\"async\" src=\"https:\/\/novembremusicaldesvoirons.com\/wp-content\/uploads\/2019\/08\/progflayer4-2019.jpg\" alt=\"\" class=\"wp-image-2772\" width=\"903\" height=\"1293\" srcset=\"https:\/\/novembremusicaldesvoirons.com\/wp-content\/uploads\/2019\/08\/progflayer4-2019.jpg 632w, https:\/\/novembremusicaldesvoirons.com\/wp-content\/uploads\/2019\/08\/progflayer4-2019-209x300.jpg 209w\" sizes=\"auto, (max-width: 903px) 100vw, 903px\" \/><\/figure>\n","protected":false},"excerpt":{"rendered":"<p>8\u00e8me \u00e9dition &#8211; 8 \/ 9 \/ 10 &amp; 15 \/ 16 \/ 17 novembre 2019Th\u00e8me de l&rsquo;\u00e9dition 2019 : Un concert &#8211; Un compositeur Lien vers page : photos &amp; vid\u00e9os \u00e9dition 2019 PROGRAMME 2019<\/p>\n","protected":false},"author":3,"featured_media":0,"parent":0,"menu_order":0,"comment_status":"closed","ping_status":"closed","template":"","meta":{"footnotes":""},"class_list":["post-3644","page","type-page","status-publish","hentry"],"_links":{"self":[{"href":"https:\/\/novembremusicaldesvoirons.com\/index.php\/wp-json\/wp\/v2\/pages\/3644","targetHints":{"allow":["GET"]}}],"collection":[{"href":"https:\/\/novembremusicaldesvoirons.com\/index.php\/wp-json\/wp\/v2\/pages"}],"about":[{"href":"https:\/\/novembremusicaldesvoirons.com\/index.php\/wp-json\/wp\/v2\/types\/page"}],"author":[{"embeddable":true,"href":"https:\/\/novembremusicaldesvoirons.com\/index.php\/wp-json\/wp\/v2\/users\/3"}],"replies":[{"embeddable":true,"href":"https:\/\/novembremusicaldesvoirons.com\/index.php\/wp-json\/wp\/v2\/comments?post=3644"}],"version-history":[{"count":14,"href":"https:\/\/novembremusicaldesvoirons.com\/index.php\/wp-json\/wp\/v2\/pages\/3644\/revisions"}],"predecessor-version":[{"id":4853,"href":"https:\/\/novembremusicaldesvoirons.com\/index.php\/wp-json\/wp\/v2\/pages\/3644\/revisions\/4853"}],"wp:attachment":[{"href":"https:\/\/novembremusicaldesvoirons.com\/index.php\/wp-json\/wp\/v2\/media?parent=3644"}],"curies":[{"name":"wp","href":"https:\/\/api.w.org\/{rel}","templated":true}]}}