{"id":3284,"date":"2021-09-28T11:51:09","date_gmt":"2021-09-28T09:51:09","guid":{"rendered":"https:\/\/novembremusicaldesvoirons.com\/?page_id=3284"},"modified":"2024-06-12T10:56:07","modified_gmt":"2024-06-12T08:56:07","slug":"edition-2021","status":"publish","type":"page","link":"https:\/\/novembremusicaldesvoirons.com\/index.php\/edition-2021\/","title":{"rendered":"Edition 2021"},"content":{"rendered":"\n<p><strong>10\u00e8me \u00e9dition &#8211; 5 \/ 6 \/ 7 novembre&nbsp; et&nbsp; 11 \/ 12 \/ 13 \/ 14 novembre<br>Th\u00e8me de l&rsquo;\u00e9dition 2022 : un concert &#8211; Une \u00e9poque musicale<\/strong><\/p>\n\n\n\n<p class=\"has-medium-font-size\"><strong>Lien vers page : <a rel=\"noopener\" href=\"https:\/\/novembremusicaldesvoirons.com\/index.php\/le-festival-2021-en-images\/\" target=\"_blank\">photos \u00e9dition 2021<\/a><\/strong><\/p>\n\n\n\n<p>PROGRAMME 2021<\/p>\n\n\n\n<figure class=\"wp-block-image aligncenter\"><img loading=\"lazy\" decoding=\"async\" width=\"645\" height=\"910\" src=\"https:\/\/novembremusicaldesvoirons.com\/wp-content\/uploads\/2021\/09\/programmepage-03-3.png\" alt=\"\" class=\"wp-image-3336\" srcset=\"https:\/\/novembremusicaldesvoirons.com\/wp-content\/uploads\/2021\/09\/programmepage-03-3.png 645w, https:\/\/novembremusicaldesvoirons.com\/wp-content\/uploads\/2021\/09\/programmepage-03-3-213x300.png 213w\" sizes=\"auto, (max-width: 645px) 100vw, 645px\" \/><\/figure>\n\n\n\n<figure class=\"wp-block-image aligncenter\"><img loading=\"lazy\" decoding=\"async\" width=\"644\" height=\"910\" src=\"https:\/\/novembremusicaldesvoirons.com\/wp-content\/uploads\/2021\/09\/programmepage-04-2.png\" alt=\"\" class=\"wp-image-3326\" srcset=\"https:\/\/novembremusicaldesvoirons.com\/wp-content\/uploads\/2021\/09\/programmepage-04-2.png 644w, https:\/\/novembremusicaldesvoirons.com\/wp-content\/uploads\/2021\/09\/programmepage-04-2-212x300.png 212w\" sizes=\"auto, (max-width: 644px) 100vw, 644px\" \/><\/figure>\n\n\n\n<figure class=\"wp-block-image aligncenter\"><img loading=\"lazy\" decoding=\"async\" width=\"645\" height=\"910\" src=\"https:\/\/novembremusicaldesvoirons.com\/wp-content\/uploads\/2021\/09\/programmepage-05-1.png\" alt=\"\" class=\"wp-image-3327\" srcset=\"https:\/\/novembremusicaldesvoirons.com\/wp-content\/uploads\/2021\/09\/programmepage-05-1.png 645w, https:\/\/novembremusicaldesvoirons.com\/wp-content\/uploads\/2021\/09\/programmepage-05-1-213x300.png 213w\" sizes=\"auto, (max-width: 645px) 100vw, 645px\" \/><\/figure>\n\n\n\n<figure class=\"wp-block-image aligncenter\"><img loading=\"lazy\" decoding=\"async\" width=\"645\" height=\"910\" src=\"https:\/\/novembremusicaldesvoirons.com\/wp-content\/uploads\/2021\/09\/programmepage-06-1.png\" alt=\"\" class=\"wp-image-3323\" srcset=\"https:\/\/novembremusicaldesvoirons.com\/wp-content\/uploads\/2021\/09\/programmepage-06-1.png 645w, https:\/\/novembremusicaldesvoirons.com\/wp-content\/uploads\/2021\/09\/programmepage-06-1-213x300.png 213w\" sizes=\"auto, (max-width: 645px) 100vw, 645px\" \/><\/figure>\n","protected":false},"excerpt":{"rendered":"<p>10\u00e8me \u00e9dition &#8211; 5 \/ 6 \/ 7 novembre&nbsp; et&nbsp; 11 \/ 12 \/ 13 \/ 14 novembreTh\u00e8me de l&rsquo;\u00e9dition 2022 : un concert &#8211; Une \u00e9poque musicale Lien vers page : photos \u00e9dition 2021 PROGRAMME 2021<\/p>\n","protected":false},"author":3,"featured_media":0,"parent":0,"menu_order":0,"comment_status":"closed","ping_status":"closed","template":"","meta":{"footnotes":""},"class_list":["post-3284","page","type-page","status-publish","hentry"],"_links":{"self":[{"href":"https:\/\/novembremusicaldesvoirons.com\/index.php\/wp-json\/wp\/v2\/pages\/3284","targetHints":{"allow":["GET"]}}],"collection":[{"href":"https:\/\/novembremusicaldesvoirons.com\/index.php\/wp-json\/wp\/v2\/pages"}],"about":[{"href":"https:\/\/novembremusicaldesvoirons.com\/index.php\/wp-json\/wp\/v2\/types\/page"}],"author":[{"embeddable":true,"href":"https:\/\/novembremusicaldesvoirons.com\/index.php\/wp-json\/wp\/v2\/users\/3"}],"replies":[{"embeddable":true,"href":"https:\/\/novembremusicaldesvoirons.com\/index.php\/wp-json\/wp\/v2\/comments?post=3284"}],"version-history":[{"count":43,"href":"https:\/\/novembremusicaldesvoirons.com\/index.php\/wp-json\/wp\/v2\/pages\/3284\/revisions"}],"predecessor-version":[{"id":4847,"href":"https:\/\/novembremusicaldesvoirons.com\/index.php\/wp-json\/wp\/v2\/pages\/3284\/revisions\/4847"}],"wp:attachment":[{"href":"https:\/\/novembremusicaldesvoirons.com\/index.php\/wp-json\/wp\/v2\/media?parent=3284"}],"curies":[{"name":"wp","href":"https:\/\/api.w.org\/{rel}","templated":true}]}}