{"id":3101,"date":"2020-08-08T11:01:44","date_gmt":"2020-08-08T09:01:44","guid":{"rendered":"https:\/\/novembremusicaldesvoirons.com\/?page_id=3101"},"modified":"2024-06-12T10:19:09","modified_gmt":"2024-06-12T08:19:09","slug":"edition-2020","status":"publish","type":"page","link":"https:\/\/novembremusicaldesvoirons.com\/index.php\/edition-2020\/","title":{"rendered":"Edition  2020"},"content":{"rendered":"\n<p class=\"has-text-align-center has-vivid-red-color has-text-color\"><strong>Festival Novembre Musical des Voirons \u00e9dition 2020 ANNUL\u00c9 pour cause de pand\u00e9mie COVID 19<\/strong><\/p>\n\n\n\n<figure class=\"wp-block-image aligncenter is-resized\"><img loading=\"lazy\" decoding=\"async\" src=\"https:\/\/novembremusicaldesvoirons.com\/wp-content\/uploads\/2020\/09\/D\u00e9pliant-2020-light-ext-1.jpg\" alt=\"\" class=\"wp-image-3203\" width=\"673\" height=\"942\" srcset=\"https:\/\/novembremusicaldesvoirons.com\/wp-content\/uploads\/2020\/09\/D\u00e9pliant-2020-light-ext-1.jpg 616w, https:\/\/novembremusicaldesvoirons.com\/wp-content\/uploads\/2020\/09\/D\u00e9pliant-2020-light-ext-1-214x300.jpg 214w\" sizes=\"auto, (max-width: 673px) 100vw, 673px\" \/><\/figure>\n\n\n\n<figure class=\"wp-block-image\"><img loading=\"lazy\" decoding=\"async\" width=\"723\" height=\"1024\" src=\"https:\/\/novembremusicaldesvoirons.com\/wp-content\/uploads\/2020\/10\/prmax-723x1024.jpg\" alt=\"\" class=\"wp-image-3270\" srcset=\"https:\/\/novembremusicaldesvoirons.com\/wp-content\/uploads\/2020\/10\/prmax-723x1024.jpg 723w, https:\/\/novembremusicaldesvoirons.com\/wp-content\/uploads\/2020\/10\/prmax-212x300.jpg 212w, https:\/\/novembremusicaldesvoirons.com\/wp-content\/uploads\/2020\/10\/prmax-768x1088.jpg 768w, https:\/\/novembremusicaldesvoirons.com\/wp-content\/uploads\/2020\/10\/prmax.jpg 995w\" sizes=\"auto, (max-width: 723px) 100vw, 723px\" \/><\/figure>\n","protected":false},"excerpt":{"rendered":"<p>Festival Novembre Musical des Voirons \u00e9dition 2020 ANNUL\u00c9 pour cause de pand\u00e9mie COVID 19<\/p>\n","protected":false},"author":3,"featured_media":0,"parent":0,"menu_order":0,"comment_status":"closed","ping_status":"closed","template":"","meta":{"footnotes":""},"class_list":["post-3101","page","type-page","status-publish","hentry"],"_links":{"self":[{"href":"https:\/\/novembremusicaldesvoirons.com\/index.php\/wp-json\/wp\/v2\/pages\/3101","targetHints":{"allow":["GET"]}}],"collection":[{"href":"https:\/\/novembremusicaldesvoirons.com\/index.php\/wp-json\/wp\/v2\/pages"}],"about":[{"href":"https:\/\/novembremusicaldesvoirons.com\/index.php\/wp-json\/wp\/v2\/types\/page"}],"author":[{"embeddable":true,"href":"https:\/\/novembremusicaldesvoirons.com\/index.php\/wp-json\/wp\/v2\/users\/3"}],"replies":[{"embeddable":true,"href":"https:\/\/novembremusicaldesvoirons.com\/index.php\/wp-json\/wp\/v2\/comments?post=3101"}],"version-history":[{"count":109,"href":"https:\/\/novembremusicaldesvoirons.com\/index.php\/wp-json\/wp\/v2\/pages\/3101\/revisions"}],"predecessor-version":[{"id":4823,"href":"https:\/\/novembremusicaldesvoirons.com\/index.php\/wp-json\/wp\/v2\/pages\/3101\/revisions\/4823"}],"wp:attachment":[{"href":"https:\/\/novembremusicaldesvoirons.com\/index.php\/wp-json\/wp\/v2\/media?parent=3101"}],"curies":[{"name":"wp","href":"https:\/\/api.w.org\/{rel}","templated":true}]}}