{"id":259,"date":"2017-05-17T19:07:43","date_gmt":"2017-05-17T17:07:43","guid":{"rendered":"http:\/\/novembremusicaldesvoirons.com\/?page_id=259"},"modified":"2017-09-25T10:45:35","modified_gmt":"2017-09-25T08:45:35","slug":"francois-salque","status":"publish","type":"page","link":"https:\/\/novembremusicaldesvoirons.com\/index.php\/francois-salque\/","title":{"rendered":"Fran\u00e7ois SALQUE"},"content":{"rendered":"<h2><img loading=\"lazy\" decoding=\"async\" class=\" wp-image-380 alignleft\" src=\"https:\/\/novembremusicaldesvoirons.com\/wp-content\/uploads\/2017\/07\/F.-Salque-1-cr\u00e9dit-tavernier--200x300.jpg\" alt=\"\" width=\"208\" height=\"312\" \/><br \/>\nFran\u00e7ois Salque<\/h2>\n<p>&nbsp;<\/p>\n<p>Dipl\u00f4m\u00e9 de l&rsquo;universit\u00e9 de Yale et du Conservatoire National Sup\u00e9rieur de Paris, FRAN\u00c7OIS SALQUE est, tr\u00e8s jeune, prim\u00e9 dans les plus grand concours internationaux (Gen\u00e8ve, Tchaikovsky, Munich, Rostropovitch, Leonard Rose&#8230;). \u00ab La sensibilit\u00e9 et la noblesse de son jeu \u00bb alli\u00e9es \u00e0 \u00ab un charisme et une virtuosit\u00e9 exceptionnelle \u00bb (Pierre Boulez) lui ont permis de remporter pas moins de 10 premiers prix et autant de prix sp\u00e9ciaux. Ses concerts l&rsquo;ont d\u00e9j\u00e0 men\u00e9 dans plus de soixante-dix pays et ses enregistrements en soliste ou en musique de chambre en compagnie d\u2019\u00c9ric Le Sage, Alexandre Tharaud, Emmanuel Pahud ou Vincent Peirani, ont \u00e9t\u00e9 salu\u00e9s par la presse (Diapasons d&rsquo; Or de l&rsquo; ann\u00e9e, Chocs du Monde de la Musique, 10 de R\u00e9pertoire, Prix de l&rsquo;acad\u00e9mie Charles Cros, Victoires de la Musique, \u00ab \u00c9lu Citizen jazz \u00bb, Palme d&rsquo;Or de la BBC\u2026).<\/p>\n<p>Fran\u00e7ois Salque signe \u00e9galement sept disques remarqu\u00e9s avec le quatuor Ysa\u00ffe dont il a \u00e9t\u00e9 pendant cinq ans le violoncelliste. Son engagement pour la musique de notre temps lui a valu de nombreuses d\u00e9dicaces de compositeurs contemporains, notamment de Thierry Escaich, Karol Beffa, Nicolas Bacri, Jean-Fran\u00e7ois Zygel, Krystof Maratka ou Bruno Mantovani. Il est \u00e9galement \u00e0 l&rsquo;origine de plusieurs cr\u00e9ations, m\u00ealant inspirations contemporaines et musiques traditionnelles. Sa profondeur musicale, sa technique et son \u00e9clectisme en ont fait une personnalit\u00e9 incontournable du monde de la musique. Il enseigne aujourd&rsquo;hui \u00e0 la Haute Ecole de Musique de Lausanne (HEMU) et au Conservatoire National Sup\u00e9rieur de Paris (CNSMDP).<\/p>\n<p>\u00ab Fran\u00e7ois Salque est imp\u00e9rial dans tout ce qu&rsquo;il approche \u00bb Diapason<br \/>\n\u00ab Un souffle extraordinaire \u00bb Concerto.net<br \/>\n\u00ab Fran\u00e7ois Salque est exceptionnel dans toutes ses interpr\u00e9tations \u00bb Sud-Ouest<br \/>\n\u00ab Un interpr\u00e8te particuli\u00e8rement sensible qui interpr\u00e8te la musique de notre temps avec une grande intelligence \u00bb (Henry Dutilleux)<br \/>\n\u00ab Fran\u00e7ois Salque montra une technique sup\u00e9rieure, une ma\u00eetrise et une qualit\u00e9 de son alli\u00e9es au g\u00e9nie de l&rsquo;interpr\u00e9tation qui en fait l&rsquo;un des plus indiscutables musiciens actuels.\u00bb<br \/>\nJean-Guillaume Lebrun, Magazine En Concert (critique d&rsquo;un concert au Th\u00e9\u00e2tre du Ch\u00e2telet)<br \/>\n<a href=\"https:\/\/www.salque.com\/\">https:\/\/www.salque.com\/<\/a><\/p>\n","protected":false},"excerpt":{"rendered":"<p>Fran\u00e7ois Salque &nbsp; Dipl\u00f4m\u00e9 de l&rsquo;universit\u00e9 de Yale et du Conservatoire National Sup\u00e9rieur de Paris, FRAN\u00c7OIS SALQUE est, tr\u00e8s jeune, prim\u00e9 dans les plus grand concours internationaux (Gen\u00e8ve, Tchaikovsky, Munich, Rostropovitch, Leonard Rose&#8230;). \u00ab La sensibilit\u00e9 et la noblesse de<\/p>\n","protected":false},"author":3,"featured_media":0,"parent":0,"menu_order":0,"comment_status":"closed","ping_status":"closed","template":"","meta":{"footnotes":""},"class_list":["post-259","page","type-page","status-publish","hentry"],"_links":{"self":[{"href":"https:\/\/novembremusicaldesvoirons.com\/index.php\/wp-json\/wp\/v2\/pages\/259","targetHints":{"allow":["GET"]}}],"collection":[{"href":"https:\/\/novembremusicaldesvoirons.com\/index.php\/wp-json\/wp\/v2\/pages"}],"about":[{"href":"https:\/\/novembremusicaldesvoirons.com\/index.php\/wp-json\/wp\/v2\/types\/page"}],"author":[{"embeddable":true,"href":"https:\/\/novembremusicaldesvoirons.com\/index.php\/wp-json\/wp\/v2\/users\/3"}],"replies":[{"embeddable":true,"href":"https:\/\/novembremusicaldesvoirons.com\/index.php\/wp-json\/wp\/v2\/comments?post=259"}],"version-history":[{"count":8,"href":"https:\/\/novembremusicaldesvoirons.com\/index.php\/wp-json\/wp\/v2\/pages\/259\/revisions"}],"predecessor-version":[{"id":743,"href":"https:\/\/novembremusicaldesvoirons.com\/index.php\/wp-json\/wp\/v2\/pages\/259\/revisions\/743"}],"wp:attachment":[{"href":"https:\/\/novembremusicaldesvoirons.com\/index.php\/wp-json\/wp\/v2\/media?parent=259"}],"curies":[{"name":"wp","href":"https:\/\/api.w.org\/{rel}","templated":true}]}}