{"id":2564,"date":"2019-04-04T12:07:59","date_gmt":"2019-04-04T10:07:59","guid":{"rendered":"http:\/\/novembremusicaldesvoirons.com\/?page_id=2564"},"modified":"2025-09-15T14:23:53","modified_gmt":"2025-09-15T12:23:53","slug":"page-mentions-legales","status":"publish","type":"page","link":"https:\/\/novembremusicaldesvoirons.com\/index.php\/page-mentions-legales\/","title":{"rendered":"Mentions l\u00e9gales du site Novembre Musical des Voirons"},"content":{"rendered":"\n<h2 class=\"wp-block-heading\">Publication et h\u00e9bergement<\/h2>\n\n\n\n<p>Le pr\u00e9sent site est \u00e9dit\u00e9 par l\u2019<a href=\"https:\/\/novembremusicaldesvoirons.com\/index.php\/lassociation-novembre-musical-des-voirons\/\" target=\"_blank\" rel=\"noreferrer noopener\"><strong>association&nbsp; Festival Novembre Musical des Voirons<\/strong><\/a><br>H\u00e9bergement : <a href=\"https:\/\/www.ovh.com\/fr\/index.xml\" target=\"_blank\" rel=\"noreferrer noopener\"><strong>OVH<\/strong><\/a>&nbsp;SAS \u00e0 Roubaix \u2013 Tourcoing<br>Conception : logiciel&nbsp;<a href=\"https:\/\/fr.wordpress.org\/\" target=\"_blank\" rel=\"noreferrer noopener\"><strong>WordPress<\/strong><\/a><\/p>\n\n\n\n<h2 class=\"wp-block-heading\">Propri\u00e9t\u00e9 intellectuelle<\/h2>\n\n\n\n<p>L\u2019ensemble de ce site rel\u00e8ve de la l\u00e9gislation internationale sur la propri\u00e9t\u00e9 intellectuelle, en ce qui concerne chacun des \u00e9l\u00e9ments de son contenu (textes, images, donn\u00e9es\u2026 )<\/p>\n\n\n\n<p>La reproduction ou repr\u00e9sentation, int\u00e9grale ou partielle, des pages de ce site, est autoris\u00e9e, sous r\u00e9serve du respect des deux conditions suivantes :<\/p>\n\n\n\n<p>\u2013 citation claire et lisible de la source<br>\u2013 respect des documents reproduits dans leur int\u00e9gralit\u00e9 : pas de modifications ni alt\u00e9ration d\u2019aucune sorte<\/p>\n\n\n\n<h2 class=\"wp-block-heading\">Cr\u00e9dit photos et vid\u00e9os<\/h2>\n\n\n\n<p>La plupart des photos et des documents vid\u00e9os figurant sur ce site ont \u00e9t\u00e9 prises par des photographes amateurs.<br>Voir conditions ci-dessus pour une \u00e9ventuelle reproduction.<br>La reproduction des documents graphiques propos\u00e9s par Monsieur Guy Desgranchamps et publi\u00e9s sur ce site n&rsquo;est pas autoris\u00e9e sans son consentement.<\/p>\n","protected":false},"excerpt":{"rendered":"<p>Publication et h\u00e9bergement Le pr\u00e9sent site est \u00e9dit\u00e9 par l\u2019association&nbsp; Festival Novembre Musical des VoironsH\u00e9bergement : OVH&nbsp;SAS \u00e0 Roubaix \u2013 TourcoingConception : logiciel&nbsp;WordPress Propri\u00e9t\u00e9 intellectuelle L\u2019ensemble de ce site rel\u00e8ve de la l\u00e9gislation internationale sur la propri\u00e9t\u00e9 intellectuelle, en ce<\/p>\n","protected":false},"author":3,"featured_media":0,"parent":0,"menu_order":0,"comment_status":"closed","ping_status":"closed","template":"","meta":{"footnotes":""},"class_list":["post-2564","page","type-page","status-publish","hentry"],"_links":{"self":[{"href":"https:\/\/novembremusicaldesvoirons.com\/index.php\/wp-json\/wp\/v2\/pages\/2564","targetHints":{"allow":["GET"]}}],"collection":[{"href":"https:\/\/novembremusicaldesvoirons.com\/index.php\/wp-json\/wp\/v2\/pages"}],"about":[{"href":"https:\/\/novembremusicaldesvoirons.com\/index.php\/wp-json\/wp\/v2\/types\/page"}],"author":[{"embeddable":true,"href":"https:\/\/novembremusicaldesvoirons.com\/index.php\/wp-json\/wp\/v2\/users\/3"}],"replies":[{"embeddable":true,"href":"https:\/\/novembremusicaldesvoirons.com\/index.php\/wp-json\/wp\/v2\/comments?post=2564"}],"version-history":[{"count":10,"href":"https:\/\/novembremusicaldesvoirons.com\/index.php\/wp-json\/wp\/v2\/pages\/2564\/revisions"}],"predecessor-version":[{"id":5494,"href":"https:\/\/novembremusicaldesvoirons.com\/index.php\/wp-json\/wp\/v2\/pages\/2564\/revisions\/5494"}],"wp:attachment":[{"href":"https:\/\/novembremusicaldesvoirons.com\/index.php\/wp-json\/wp\/v2\/media?parent=2564"}],"curies":[{"name":"wp","href":"https:\/\/api.w.org\/{rel}","templated":true}]}}