{"id":1466,"date":"2018-09-17T19:03:45","date_gmt":"2018-09-17T17:03:45","guid":{"rendered":"http:\/\/novembremusicaldesvoirons.com\/?page_id=1466"},"modified":"2025-12-27T18:07:11","modified_gmt":"2025-12-27T17:07:11","slug":"page-d-accueil","status":"publish","type":"page","link":"https:\/\/novembremusicaldesvoirons.com\/","title":{"rendered":"Bienvenue sur le site Novembre Musical des Voirons"},"content":{"rendered":"\n<p class=\"has-text-align-center\"><div id=\"metaslider-id-2965\" style=\"max-width: 600px; margin: 0 auto;\" class=\"ml-slider-3-106-0 metaslider metaslider-flex metaslider-2965 ml-slider ms-theme-default nav-hidden\" role=\"region\" aria-label=\"Diaporama page d\u2019accueil\" data-height=\"295\" data-width=\"600\">\n    <div id=\"metaslider_container_2965\">\n        <div id=\"metaslider_2965\" class=\"flexslider\">\n            <ul class='slides'>\n                <li style=\"display: block; width: 100%;\" class=\"slide-3531 ms-image \" aria-roledescription=\"slide\" data-date=\"2021-12-10 17:36:43\" data-filename=\"orcello10-R-600x295.jpg\" data-slide-type=\"image\"><img loading=\"lazy\" decoding=\"async\" src=\"https:\/\/novembremusicaldesvoirons.com\/wp-content\/uploads\/2024\/12\/orcello10-R-600x295.jpg\" height=\"295\" width=\"600\" alt=\"\" class=\"slider-2965 slide-3531 msDefaultImage\" \/><\/li>\n                <li style=\"display: none; width: 100%;\" class=\"slide-3532 ms-image \" aria-roledescription=\"slide\" data-date=\"2021-12-10 17:36:43\" data-filename=\"1.11.24-a-20-h.-G-600x295.jpg\" data-slide-type=\"image\"><img loading=\"lazy\" decoding=\"async\" src=\"https:\/\/novembremusicaldesvoirons.com\/wp-content\/uploads\/2024\/12\/1.11.24-a-20-h.-G-600x295.jpg\" height=\"295\" width=\"600\" alt=\"\" class=\"slider-2965 slide-3532 msDefaultImage\" \/><\/li>\n                <li style=\"display: none; width: 100%;\" class=\"slide-3533 ms-image \" aria-roledescription=\"slide\" data-date=\"2021-12-10 17:36:43\" data-filename=\"DSC_9083-600x295.jpg\" data-slide-type=\"image\"><img loading=\"lazy\" decoding=\"async\" src=\"https:\/\/novembremusicaldesvoirons.com\/wp-content\/uploads\/2021\/12\/DSC_9083-600x295.jpg\" height=\"295\" width=\"600\" alt=\"\" class=\"slider-2965 slide-3533 msDefaultImage\" \/><\/li>\n                <li style=\"display: none; width: 100%;\" class=\"slide-3534 ms-image \" aria-roledescription=\"slide\" data-date=\"2021-12-10 17:36:43\" data-filename=\"DSC_7245-600x295.jpg\" data-slide-type=\"image\"><img loading=\"lazy\" decoding=\"async\" src=\"https:\/\/novembremusicaldesvoirons.com\/wp-content\/uploads\/2021\/12\/DSC_7245-600x295.jpg\" height=\"295\" width=\"600\" alt=\"\" class=\"slider-2965 slide-3534 msDefaultImage\" \/><\/li>\n                <li style=\"display: none; width: 100%;\" class=\"slide-3537 ms-image \" aria-roledescription=\"slide\" data-date=\"2021-12-10 17:36:43\" data-filename=\"DSC_6121-600x295.jpg\" data-slide-type=\"image\"><img loading=\"lazy\" decoding=\"async\" src=\"https:\/\/novembremusicaldesvoirons.com\/wp-content\/uploads\/2021\/12\/DSC_6121-600x295.jpg\" height=\"295\" width=\"600\" alt=\"\" class=\"slider-2965 slide-3537 msDefaultImage\" \/><\/li>\n                <li style=\"display: none; width: 100%;\" class=\"slide-3542 ms-image \" aria-roledescription=\"slide\" data-date=\"2021-12-10 17:45:58\" data-filename=\"10.11.24-a-11-h.-B-rotated-600x295.jpg\" data-slide-type=\"image\"><img loading=\"lazy\" decoding=\"async\" src=\"https:\/\/novembremusicaldesvoirons.com\/wp-content\/uploads\/2024\/12\/10.11.24-a-11-h.-B-rotated-600x295.jpg\" height=\"295\" width=\"600\" alt=\"\" class=\"slider-2965 slide-3542 msDefaultImage\" \/><\/li>\n                <li style=\"display: none; width: 100%;\" class=\"slide-3546 ms-image \" aria-roledescription=\"slide\" data-date=\"2021-12-10 17:56:38\" data-filename=\"8.11.24-a-20-h.-A-600x295.jpg\" data-slide-type=\"image\"><img loading=\"lazy\" decoding=\"async\" src=\"https:\/\/novembremusicaldesvoirons.com\/wp-content\/uploads\/2024\/12\/8.11.24-a-20-h.-A-600x295.jpg\" height=\"295\" width=\"600\" alt=\"\" class=\"slider-2965 slide-3546 msDefaultImage\" \/><\/li>\n                <li style=\"display: none; width: 100%;\" class=\"slide-3549 ms-image \" aria-roledescription=\"slide\" data-date=\"2021-12-10 18:01:04\" data-filename=\"DSC_8802-e1696014379617-600x295.jpg\" data-slide-type=\"image\"><img loading=\"lazy\" decoding=\"async\" src=\"https:\/\/novembremusicaldesvoirons.com\/wp-content\/uploads\/2021\/12\/DSC_8802-e1696014379617-600x295.jpg\" height=\"295\" width=\"600\" alt=\"\" class=\"slider-2965 slide-3549 msDefaultImage\" \/><\/li>\n                <li style=\"display: none; width: 100%;\" class=\"slide-3550 ms-image \" aria-roledescription=\"slide\" data-date=\"2021-12-10 18:01:04\" data-filename=\"DSC_9139-600x295.jpg\" data-slide-type=\"image\"><img loading=\"lazy\" decoding=\"async\" src=\"https:\/\/novembremusicaldesvoirons.com\/wp-content\/uploads\/2021\/12\/DSC_9139-600x295.jpg\" height=\"295\" width=\"600\" alt=\"\" class=\"slider-2965 slide-3550 msDefaultImage\" \/><\/li>\n                <li style=\"display: none; width: 100%;\" class=\"slide-3553 ms-image \" aria-roledescription=\"slide\" data-date=\"2021-12-10 18:23:41\" data-filename=\"DSC_8937-600x295.jpg\" data-slide-type=\"image\"><img loading=\"lazy\" decoding=\"async\" src=\"https:\/\/novembremusicaldesvoirons.com\/wp-content\/uploads\/2021\/12\/DSC_8937-600x295.jpg\" height=\"295\" width=\"600\" alt=\"\" class=\"slider-2965 slide-3553 msDefaultImage\" \/><\/li>\n                <li style=\"display: none; width: 100%;\" class=\"slide-5357 ms-image \" aria-roledescription=\"slide\" data-date=\"2025-01-25 20:42:51\" data-filename=\"9.11.24-a-20-h-600x295.jpg\" data-slide-type=\"image\"><img loading=\"lazy\" decoding=\"async\" src=\"https:\/\/novembremusicaldesvoirons.com\/wp-content\/uploads\/2024\/12\/9.11.24-a-20-h-600x295.jpg\" height=\"295\" width=\"600\" alt=\"\" class=\"slider-2965 slide-5357 msDefaultImage\" \/><\/li>\n            <\/ul>\n        <\/div>\n        \n    <\/div>\n<\/div><\/p>\n\n\n\n<div style=\"height:24px\" aria-hidden=\"true\" class=\"wp-block-spacer\"><\/div>\n\n\n\n<p id=\"isPasted\" style=\"font-size:21px\">Cher public,<\/p>\n\n\n\n<p style=\"font-size:21px\">Une fois encore, le <strong>festival Novembre Musical des Voirons<\/strong> a tenu ses promesses :<\/p>\n\n\n\n<p style=\"font-size:21px\">ce fut un grand succ\u00e8s qui a fait de ces concerts un v\u00e9ritable moment de partage entre les artistes et le public, toujours nombreux et de plus en plus fid\u00e8le ! Et comme le soleil \u00e9tait \u00e9galement de la partie, le mois de novembre a \u00e9t\u00e9 largement \u00e9clair\u00e9 et lumineux, entre musique et danse puisque tel \u00e9tait le th\u00e8me de cette 14<sup>\u00e8me<\/sup> \u00e9dition\u2026<\/p>\n\n\n\n<p style=\"font-size:21px\">La programmation toujours guid\u00e9e par Fran\u00e7ois Salque, notre directeur artistique, a \u00e9t\u00e9 une fois de plus riche en d\u00e9couvertes, avec cette ann\u00e9e une place particuli\u00e8re au jazz et \u00e0 la cr\u00e9ation de Vincent L\u00ea Quang au saxophone accompagn\u00e9 par Fran\u00e7ois Salque et son quartet.<\/p>\n\n\n\n<p style=\"font-size:21px\">Le fil conducteur de la danse nous a men\u00e9s de la Musique Baroque, avec le trio Justin Taylor, au Flamenco avec la guitare de S\u00e9bastien Llinar\u00e8s, en passant par les Pays Scandinaves avec l\u2019ensemble Curious Bards, sans oublier la Musique Cubaine magistralement interpr\u00e9t\u00e9e par un Rolando Luna tr\u00e8s en forme !<\/p>\n\n\n\n<p style=\"font-size:21px\">La musique du monde a r\u00e9sonn\u00e9 sous les doigts de Renaud Garcia Fons, v\u00e9ritable virtuose de la contrebasse, surtout quand elle a cinq cordes ! Nous ne pouvons malheureusement pas citer le nom de tous les artistes qui nous ont enchant\u00e9s par leur professionnalisme, leur gentillesse et leur proximit\u00e9.<\/p>\n\n\n\n<p style=\"font-size:21px\">C\u2019est donc cette ambiance festive qui a conquis un public de 2000 spectateurs environ qui vient au festival avec un esprit curieux que nous esp\u00e9rons conquis&nbsp;&nbsp;.\u2026et en repart avec un seul regret, celui d\u2019attendre une ann\u00e9e avant l\u2019\u00e9dition suivante, le festival devenant un incontournable \u00e9v\u00e9nement culturel de l\u2019automne dans notre r\u00e9gion.<\/p>\n\n\n\n<p style=\"font-size:21px\">C\u2019est vous maintenant qui nous portez, et nous vous remercions pour votre enthousiasme et votre fid\u00e9lit\u00e9 : vous savez vous montrer g\u00e9n\u00e9reux pour la participation aux corbeilles qui sont indispensables \u00e0 la survie du festival.<\/p>\n\n\n\n<p style=\"font-size:21px\">Nous tenons \u00e9galement \u00e0 remercier les communes partenaires, le d\u00e9partement, la Spedidam, sans oublier les aides priv\u00e9es des sponsors et des donateurs.<\/p>\n\n\n\n<p style=\"font-size:21px\">Ce fut donc : <strong>7 jours de musique, 13 concerts et 32 musiciens<\/strong>.<\/p>\n\n\n\n<p style=\"font-size:21px\">Un record cette ann\u00e9e pour le nombre de musiciens et beaucoup de plaisir partag\u00e9.<\/p>\n\n\n\n<p style=\"font-size:21px\">Nous sommes d\u00e9j\u00e0 \u00e0 la t\u00e2che pour la pr\u00e9paration de la 15\u00e8me \u00e9dition en novembre 2026. Nous vous r\u00e9servons quelques surprises, avec des t\u00eates d\u2019affiche prometteuses !<\/p>\n\n\n\n<p class=\"has-text-align-center\" style=\"font-size:25px\"><strong>Rendez-vous en novembre 2026<\/strong><br>pour la 15\u00e8me \u00e9dition du Novembre Musical des Voirons !<\/p>\n\n\n\n<p style=\"font-size:16px\">Pour le comit\u00e9 N.M.V. :<br>R\u00e9mi Peysson, pr\u00e9sident<\/p>\n\n\n\n<figure class=\"wp-block-image aligncenter size-large is-resized\"><a href=\"https:\/\/novembremusicaldesvoirons.com\/wp-content\/uploads\/2025\/12\/DSC_2854.jpg\" target=\"_blank\" rel=\" noreferrer noopener\"><img loading=\"lazy\" decoding=\"async\" width=\"825\" height=\"1024\" src=\"https:\/\/novembremusicaldesvoirons.com\/wp-content\/uploads\/2025\/12\/DSC_2854-825x1024.jpg\" alt=\"\" class=\"wp-image-5924\" style=\"aspect-ratio:0.8056570949224239;width:316px;height:auto\" srcset=\"https:\/\/novembremusicaldesvoirons.com\/wp-content\/uploads\/2025\/12\/DSC_2854-825x1024.jpg 825w, https:\/\/novembremusicaldesvoirons.com\/wp-content\/uploads\/2025\/12\/DSC_2854-242x300.jpg 242w, https:\/\/novembremusicaldesvoirons.com\/wp-content\/uploads\/2025\/12\/DSC_2854-768x953.jpg 768w, https:\/\/novembremusicaldesvoirons.com\/wp-content\/uploads\/2025\/12\/DSC_2854.jpg 1000w\" sizes=\"auto, (max-width: 825px) 100vw, 825px\" \/><\/a><\/figure>\n","protected":false},"excerpt":{"rendered":"<p>Cher public, Une fois encore, le festival Novembre Musical des Voirons a tenu ses promesses : ce fut un grand succ\u00e8s qui a fait de ces concerts un v\u00e9ritable moment de partage entre les artistes et le public, toujours nombreux<\/p>\n","protected":false},"author":3,"featured_media":0,"parent":0,"menu_order":0,"comment_status":"closed","ping_status":"closed","template":"","meta":{"footnotes":""},"class_list":["post-1466","page","type-page","status-publish","hentry"],"_links":{"self":[{"href":"https:\/\/novembremusicaldesvoirons.com\/index.php\/wp-json\/wp\/v2\/pages\/1466","targetHints":{"allow":["GET"]}}],"collection":[{"href":"https:\/\/novembremusicaldesvoirons.com\/index.php\/wp-json\/wp\/v2\/pages"}],"about":[{"href":"https:\/\/novembremusicaldesvoirons.com\/index.php\/wp-json\/wp\/v2\/types\/page"}],"author":[{"embeddable":true,"href":"https:\/\/novembremusicaldesvoirons.com\/index.php\/wp-json\/wp\/v2\/users\/3"}],"replies":[{"embeddable":true,"href":"https:\/\/novembremusicaldesvoirons.com\/index.php\/wp-json\/wp\/v2\/comments?post=1466"}],"version-history":[{"count":472,"href":"https:\/\/novembremusicaldesvoirons.com\/index.php\/wp-json\/wp\/v2\/pages\/1466\/revisions"}],"predecessor-version":[{"id":5928,"href":"https:\/\/novembremusicaldesvoirons.com\/index.php\/wp-json\/wp\/v2\/pages\/1466\/revisions\/5928"}],"wp:attachment":[{"href":"https:\/\/novembremusicaldesvoirons.com\/index.php\/wp-json\/wp\/v2\/media?parent=1466"}],"curies":[{"name":"wp","href":"https:\/\/api.w.org\/{rel}","templated":true}]}}